{"id":8120,"date":"2020-01-16T17:11:58","date_gmt":"2020-01-16T20:11:58","guid":{"rendered":"https:\/\/www.evoti.com.br\/news\/?post_type=product&#038;p=8120"},"modified":"2026-02-04T15:38:26","modified_gmt":"2026-02-04T18:38:26","slug":"evocom-sistema-evo-para-comercio-e-empresas-implantacao","status":"publish","type":"product","link":"https:\/\/www.evoti.com.br\/news\/produto\/evocom-sistema-evo-para-comercio-e-empresas-implantacao\/","title":{"rendered":"EVOCOM &#8211; Sistema EVO para com\u00e9rcio e empresas &#8211; TESTE GR\u00c1TIS 30 DIAS"},"content":{"rendered":"<blockquote><p>Aten\u00e7\u00e3o: Este produto se refere ao teste gr\u00e1tis do sistema EVOCOM por 30 dias. Fun\u00e7\u00f5es como emiss\u00e3o fiscal e boleto n\u00e3o estar\u00e3o dispon\u00edveis no per\u00edodo de teste. O produto necessita de uma licen\u00e7a de uso que \u00e9 pago mensalmente.<\/p><\/blockquote>\n<h2><strong>Cadastro<\/strong><\/h2>\n<p>Cliente (Pessoa f\u00edsica \/ jur\u00eddica)<br \/>\nForma de Pagamento<br \/>\nConta banc\u00e1ria<br \/>\nTransportadora<br \/>\nCategoria de Produtos<br \/>\nProdutos (Hist\u00f3rico e entrada, c\u00e1lculo de margem de lucro)<br \/>\nPromo\u00e7\u00e3o de Produto (Valida\u00e7\u00e3o de promo\u00e7\u00e3o no momento ou para o um per\u00edodo agendado)<br \/>\nDepartamento Fiscal (CFOP, PIS, CSO|CTS, COFINS,IPI)<br \/>\nCentro de custo e receitas (Tipos de despesas e receitas para agrupamento no livro caixa)<br \/>\nFornecedor<br \/>\nUsu\u00e1rio (n\u00edveis de usu\u00e1rios, controle de acesso)<br \/>\nReceitu\u00e1rio para \u00f3tica<br \/>\nCondutor (Para emiss\u00e3o do MDF-e)<br \/>\nVeiculo (Para emiss\u00e3o do MDF-e)<\/p>\n<h2><strong>F<\/strong><strong>inanceiro<\/strong><\/h2>\n<p>Caixa (abertura e fechamento de turno de vendas)<br \/>\nMonitoramento de turno (Turno passados do caixa, reabertura de turno)<br \/>\nContas a Pagar (Relat\u00f3rios, cadastro, recorr\u00eancia)<br \/>\nContas a Receber (Duplicata de clientes pendentes)<br \/>\nLivro Caixa (Analise de financeiro completa, lucros, faturamentos, previs\u00e3o de caixa, fluxo de caixa)<br \/>\nBoletos (Gerenciamento de boletos, transmiss\u00e3o autom\u00e1tica ou manual de arquivos)<\/p>\n<h2><strong>Movimenta\u00e7\u00f5es<\/strong><\/h2>\n<p>Entrada de produtos (Compras, Entrada por XML ou manual)<br \/>\nSa\u00edda de produto (Vendas, or\u00e7amento, outras sa\u00eddas, devolu\u00e7\u00e3o, emiss\u00e3o de NFE, emiss\u00e3o de S@T)<br \/>\nOrdem de produ\u00e7\u00e3o (Impress\u00e3o)<br \/>\nControle de Estoque<br \/>\nDevolu\u00e7\u00e3o de produtos (Devolu\u00e7\u00e3o em Dinheiro, Devolu\u00e7\u00e3o em Voucher)<br \/>\nUnificar Vendas (Unifica vendas para o mesmo cliente, gerando apenas 1)<\/p>\n<h2><strong>Balan\u00e7a<\/strong><\/h2>\n<p>Carga Balan\u00e7a (Carga em balan\u00e7a Toledo)<\/p>\n<h2><strong>Arquivo Fiscal<\/strong><\/h2>\n<p>Gerenciamento de MDF-e<br \/>\nGerenciamento de NFE (Emiss\u00e3o, carta de corre\u00e7\u00e3o, inutiliza\u00e7\u00e3o, cancelamento)<br \/>\nGerenciamento de S@T<\/p>\n<h2><strong>Relat\u00f3rios<\/strong><\/h2>\n<p>Etiquetas de Lote<br \/>\nEtiquetas de Produto (Etiqueta Pimax, Etiqueta Argox)<br \/>\nLista de produtos (Completo ou por categoria)<br \/>\nProdutos Comprados (Filtro por data, fornecedor e produto)<br \/>\nProdutos Vendidos (lucro por produto, baixa de estoque, custo de margem por produto, produto com estoque baixo, estoque por data, valor do estoque)<br \/>\nVendas Realizadas (Comiss\u00e3o por vendedor)<br \/>\nAlterar vendedor no PDV<\/p>\n<p>Saiba mais sobre as funcionalidade do sistema acessando <a href=\"https:\/\/www.evoti.com.br\/news\/evocom-2\/\">https:\/\/www.evoti.com.br\/news\/evocom-2\/<\/a><\/p>\n","protected":false},"excerpt":{"rendered":"<p>Aten\u00e7\u00e3o: Este produto se refere ao teste gr\u00e1tis do sistema EVOCOM por 30 dias. Fun\u00e7\u00f5es como emiss\u00e3o fiscal e boleto n\u00e3o estar\u00e3o dispon\u00edveis no per\u00edodo de teste. O produto necessita de uma licen\u00e7a de uso que \u00e9 pago mensalmente.<\/p>\n<p>&nbsp;<\/p>\n<p>Saiba mais sobre as funcionalidade do sistema acessando <a href=\"https:\/\/www.evoti.com.br\/news\/evocom-2\/\">https:\/\/www.evoti.com.br\/news\/evocom-2\/<\/a><\/p>\n","protected":false},"featured_media":8124,"comment_status":"open","ping_status":"closed","template":"","meta":{"_exactmetrics_skip_tracking":false,"_exactmetrics_sitenote_active":false,"_exactmetrics_sitenote_note":"","_exactmetrics_sitenote_category":0,"_joinchat":[]},"product_brand":[],"product_cat":[48],"product_tag":[],"class_list":{"0":"post-8120","1":"product","2":"type-product","3":"status-publish","4":"has-post-thumbnail","6":"product_cat-sistemas","8":"first","9":"instock","10":"shipping-taxable","11":"purchasable","12":"product-type-simple"},"yoast_head":"<!-- This site is optimized with the Yoast SEO plugin v26.9 - https:\/\/yoast.com\/product\/yoast-seo-wordpress\/ -->\n<title>EVOCOM - Sistema EVO para com\u00e9rcio e empresas - TESTE GR\u00c1TIS 30 DIAS - EVOTI Sistemas<\/title>\n<meta name=\"robots\" content=\"index, follow, max-snippet:-1, max-image-preview:large, max-video-preview:-1\" \/>\n<link rel=\"canonical\" href=\"https:\/\/www.evoti.com.br\/news\/produto\/evocom-sistema-evo-para-comercio-e-empresas-implantacao\/\" \/>\n<meta property=\"og:locale\" content=\"pt_BR\" \/>\n<meta property=\"og:type\" content=\"article\" \/>\n<meta property=\"og:title\" content=\"EVOCOM - Sistema EVO para com\u00e9rcio e empresas - TESTE GR\u00c1TIS 30 DIAS - EVOTI Sistemas\" \/>\n<meta property=\"og:description\" content=\"Aten\u00e7\u00e3o: Este produto se refere ao teste gr\u00e1tis do sistema EVOCOM por 30 dias. Fun\u00e7\u00f5es como emiss\u00e3o fiscal e boleto n\u00e3o estar\u00e3o dispon\u00edveis no per\u00edodo de teste. O produto necessita de uma licen\u00e7a de uso que \u00e9 pago mensalmente.  &nbsp;  Saiba mais sobre as funcionalidade do sistema acessando https:\/\/www.evoti.com.br\/news\/evocom-2\/\" \/>\n<meta property=\"og:url\" content=\"https:\/\/www.evoti.com.br\/news\/produto\/evocom-sistema-evo-para-comercio-e-empresas-implantacao\/\" \/>\n<meta property=\"og:site_name\" content=\"EVOTI Sistemas\" \/>\n<meta property=\"article:publisher\" content=\"https:\/\/www.facebook.com\/evoti\" \/>\n<meta property=\"article:modified_time\" content=\"2026-02-04T18:38:26+00:00\" \/>\n<meta property=\"og:image\" content=\"https:\/\/www.evoti.com.br\/news\/wp-content\/uploads\/2020\/01\/Box-e1662599604987.jpg\" \/>\n\t<meta property=\"og:image:width\" content=\"500\" \/>\n\t<meta property=\"og:image:height\" content=\"500\" \/>\n\t<meta property=\"og:image:type\" content=\"image\/jpeg\" \/>\n<meta name=\"twitter:card\" content=\"summary_large_image\" \/>\n<meta name=\"twitter:label1\" content=\"Est. tempo de leitura\" \/>\n\t<meta name=\"twitter:data1\" content=\"2 minutos\" \/>\n<script type=\"application\/ld+json\" class=\"yoast-schema-graph\">{\"@context\":\"https:\/\/schema.org\",\"@graph\":[{\"@type\":\"WebPage\",\"@id\":\"https:\/\/www.evoti.com.br\/news\/produto\/evocom-sistema-evo-para-comercio-e-empresas-implantacao\/\",\"url\":\"https:\/\/www.evoti.com.br\/news\/produto\/evocom-sistema-evo-para-comercio-e-empresas-implantacao\/\",\"name\":\"EVOCOM - Sistema EVO para com\u00e9rcio e empresas - TESTE GR\u00c1TIS 30 DIAS - EVOTI Sistemas\",\"isPartOf\":{\"@id\":\"https:\/\/www.evoti.com.br\/news\/#website\"},\"primaryImageOfPage\":{\"@id\":\"https:\/\/www.evoti.com.br\/news\/produto\/evocom-sistema-evo-para-comercio-e-empresas-implantacao\/#primaryimage\"},\"image\":{\"@id\":\"https:\/\/www.evoti.com.br\/news\/produto\/evocom-sistema-evo-para-comercio-e-empresas-implantacao\/#primaryimage\"},\"thumbnailUrl\":\"https:\/\/www.evoti.com.br\/news\/wp-content\/uploads\/2020\/01\/Box-e1662599604987.jpg\",\"datePublished\":\"2020-01-16T20:11:58+00:00\",\"dateModified\":\"2026-02-04T18:38:26+00:00\",\"breadcrumb\":{\"@id\":\"https:\/\/www.evoti.com.br\/news\/produto\/evocom-sistema-evo-para-comercio-e-empresas-implantacao\/#breadcrumb\"},\"inLanguage\":\"pt-BR\",\"potentialAction\":[{\"@type\":\"ReadAction\",\"target\":[\"https:\/\/www.evoti.com.br\/news\/produto\/evocom-sistema-evo-para-comercio-e-empresas-implantacao\/\"]}]},{\"@type\":\"ImageObject\",\"inLanguage\":\"pt-BR\",\"@id\":\"https:\/\/www.evoti.com.br\/news\/produto\/evocom-sistema-evo-para-comercio-e-empresas-implantacao\/#primaryimage\",\"url\":\"https:\/\/www.evoti.com.br\/news\/wp-content\/uploads\/2020\/01\/Box-e1662599604987.jpg\",\"contentUrl\":\"https:\/\/www.evoti.com.br\/news\/wp-content\/uploads\/2020\/01\/Box-e1662599604987.jpg\",\"width\":500,\"height\":500},{\"@type\":\"BreadcrumbList\",\"@id\":\"https:\/\/www.evoti.com.br\/news\/produto\/evocom-sistema-evo-para-comercio-e-empresas-implantacao\/#breadcrumb\",\"itemListElement\":[{\"@type\":\"ListItem\",\"position\":1,\"name\":\"In\u00edcio\",\"item\":\"https:\/\/www.evoti.com.br\/news\/\"},{\"@type\":\"ListItem\",\"position\":2,\"name\":\"Shop\",\"item\":\"https:\/\/www.evoti.com.br\/news\/shop\/\"},{\"@type\":\"ListItem\",\"position\":3,\"name\":\"EVOCOM &#8211; Sistema EVO para com\u00e9rcio e empresas &#8211; TESTE GR\u00c1TIS 30 DIAS\"}]},{\"@type\":\"WebSite\",\"@id\":\"https:\/\/www.evoti.com.br\/news\/#website\",\"url\":\"https:\/\/www.evoti.com.br\/news\/\",\"name\":\"EVOTI Sistemas\",\"description\":\"Sistema para gerenciamento de com\u00e9rcios em geral, empresas de alimenta\u00e7\u00e3o (restaurante, pizzaria, lanchonete) com emiss\u00e3o Fiscal (SAT, NF-e, MDF-e), Financeiro, estoque, vendas e muito mais. Estamos localizados em Ol\u00edmpia e atendemos a todo territ\u00f3rio nacional. Oferecemos servi\u00e7os de Tecnologia da Informa\u00e7\u00e3o com agilidade e comprometimento, agregando valor e inova\u00e7\u00e3o ao neg\u00f3cio de nossos clientes, respeitando a sociedade e o meio ambiente.\",\"publisher\":{\"@id\":\"https:\/\/www.evoti.com.br\/news\/#organization\"},\"potentialAction\":[{\"@type\":\"SearchAction\",\"target\":{\"@type\":\"EntryPoint\",\"urlTemplate\":\"https:\/\/www.evoti.com.br\/news\/?s={search_term_string}\"},\"query-input\":{\"@type\":\"PropertyValueSpecification\",\"valueRequired\":true,\"valueName\":\"search_term_string\"}}],\"inLanguage\":\"pt-BR\"},{\"@type\":\"Organization\",\"@id\":\"https:\/\/www.evoti.com.br\/news\/#organization\",\"name\":\"EVO - Tecnologia da Informa\u00e7\u00e3o\",\"url\":\"https:\/\/www.evoti.com.br\/news\/\",\"logo\":{\"@type\":\"ImageObject\",\"inLanguage\":\"pt-BR\",\"@id\":\"https:\/\/www.evoti.com.br\/news\/#\/schema\/logo\/image\/\",\"url\":\"https:\/\/www.evoti.com.br\/news\/wp-content\/uploads\/2019\/05\/logo_evo_150-1.png\",\"contentUrl\":\"https:\/\/www.evoti.com.br\/news\/wp-content\/uploads\/2019\/05\/logo_evo_150-1.png\",\"width\":150,\"height\":150,\"caption\":\"EVO - Tecnologia da Informa\u00e7\u00e3o\"},\"image\":{\"@id\":\"https:\/\/www.evoti.com.br\/news\/#\/schema\/logo\/image\/\"},\"sameAs\":[\"https:\/\/www.facebook.com\/evoti\",\"http:\/\/instragram.com\/evotiolimpia\"]}]}<\/script>\n<!-- \/ Yoast SEO plugin. -->","yoast_head_json":{"title":"EVOCOM - Sistema EVO para com\u00e9rcio e empresas - TESTE GR\u00c1TIS 30 DIAS - EVOTI Sistemas","robots":{"index":"index","follow":"follow","max-snippet":"max-snippet:-1","max-image-preview":"max-image-preview:large","max-video-preview":"max-video-preview:-1"},"canonical":"https:\/\/www.evoti.com.br\/news\/produto\/evocom-sistema-evo-para-comercio-e-empresas-implantacao\/","og_locale":"pt_BR","og_type":"article","og_title":"EVOCOM - Sistema EVO para com\u00e9rcio e empresas - TESTE GR\u00c1TIS 30 DIAS - EVOTI Sistemas","og_description":"Aten\u00e7\u00e3o: Este produto se refere ao teste gr\u00e1tis do sistema EVOCOM por 30 dias. Fun\u00e7\u00f5es como emiss\u00e3o fiscal e boleto n\u00e3o estar\u00e3o dispon\u00edveis no per\u00edodo de teste. O produto necessita de uma licen\u00e7a de uso que \u00e9 pago mensalmente.  &nbsp;  Saiba mais sobre as funcionalidade do sistema acessando https:\/\/www.evoti.com.br\/news\/evocom-2\/","og_url":"https:\/\/www.evoti.com.br\/news\/produto\/evocom-sistema-evo-para-comercio-e-empresas-implantacao\/","og_site_name":"EVOTI Sistemas","article_publisher":"https:\/\/www.facebook.com\/evoti","article_modified_time":"2026-02-04T18:38:26+00:00","og_image":[{"width":500,"height":500,"url":"https:\/\/www.evoti.com.br\/news\/wp-content\/uploads\/2020\/01\/Box-e1662599604987.jpg","type":"image\/jpeg"}],"twitter_card":"summary_large_image","twitter_misc":{"Est. tempo de leitura":"2 minutos"},"schema":{"@context":"https:\/\/schema.org","@graph":[{"@type":"WebPage","@id":"https:\/\/www.evoti.com.br\/news\/produto\/evocom-sistema-evo-para-comercio-e-empresas-implantacao\/","url":"https:\/\/www.evoti.com.br\/news\/produto\/evocom-sistema-evo-para-comercio-e-empresas-implantacao\/","name":"EVOCOM - Sistema EVO para com\u00e9rcio e empresas - TESTE GR\u00c1TIS 30 DIAS - EVOTI Sistemas","isPartOf":{"@id":"https:\/\/www.evoti.com.br\/news\/#website"},"primaryImageOfPage":{"@id":"https:\/\/www.evoti.com.br\/news\/produto\/evocom-sistema-evo-para-comercio-e-empresas-implantacao\/#primaryimage"},"image":{"@id":"https:\/\/www.evoti.com.br\/news\/produto\/evocom-sistema-evo-para-comercio-e-empresas-implantacao\/#primaryimage"},"thumbnailUrl":"https:\/\/www.evoti.com.br\/news\/wp-content\/uploads\/2020\/01\/Box-e1662599604987.jpg","datePublished":"2020-01-16T20:11:58+00:00","dateModified":"2026-02-04T18:38:26+00:00","breadcrumb":{"@id":"https:\/\/www.evoti.com.br\/news\/produto\/evocom-sistema-evo-para-comercio-e-empresas-implantacao\/#breadcrumb"},"inLanguage":"pt-BR","potentialAction":[{"@type":"ReadAction","target":["https:\/\/www.evoti.com.br\/news\/produto\/evocom-sistema-evo-para-comercio-e-empresas-implantacao\/"]}]},{"@type":"ImageObject","inLanguage":"pt-BR","@id":"https:\/\/www.evoti.com.br\/news\/produto\/evocom-sistema-evo-para-comercio-e-empresas-implantacao\/#primaryimage","url":"https:\/\/www.evoti.com.br\/news\/wp-content\/uploads\/2020\/01\/Box-e1662599604987.jpg","contentUrl":"https:\/\/www.evoti.com.br\/news\/wp-content\/uploads\/2020\/01\/Box-e1662599604987.jpg","width":500,"height":500},{"@type":"BreadcrumbList","@id":"https:\/\/www.evoti.com.br\/news\/produto\/evocom-sistema-evo-para-comercio-e-empresas-implantacao\/#breadcrumb","itemListElement":[{"@type":"ListItem","position":1,"name":"In\u00edcio","item":"https:\/\/www.evoti.com.br\/news\/"},{"@type":"ListItem","position":2,"name":"Shop","item":"https:\/\/www.evoti.com.br\/news\/shop\/"},{"@type":"ListItem","position":3,"name":"EVOCOM &#8211; Sistema EVO para com\u00e9rcio e empresas &#8211; TESTE GR\u00c1TIS 30 DIAS"}]},{"@type":"WebSite","@id":"https:\/\/www.evoti.com.br\/news\/#website","url":"https:\/\/www.evoti.com.br\/news\/","name":"EVOTI Sistemas","description":"Sistema para gerenciamento de com\u00e9rcios em geral, empresas de alimenta\u00e7\u00e3o (restaurante, pizzaria, lanchonete) com emiss\u00e3o Fiscal (SAT, NF-e, MDF-e), Financeiro, estoque, vendas e muito mais. Estamos localizados em Ol\u00edmpia e atendemos a todo territ\u00f3rio nacional. Oferecemos servi\u00e7os de Tecnologia da Informa\u00e7\u00e3o com agilidade e comprometimento, agregando valor e inova\u00e7\u00e3o ao neg\u00f3cio de nossos clientes, respeitando a sociedade e o meio ambiente.","publisher":{"@id":"https:\/\/www.evoti.com.br\/news\/#organization"},"potentialAction":[{"@type":"SearchAction","target":{"@type":"EntryPoint","urlTemplate":"https:\/\/www.evoti.com.br\/news\/?s={search_term_string}"},"query-input":{"@type":"PropertyValueSpecification","valueRequired":true,"valueName":"search_term_string"}}],"inLanguage":"pt-BR"},{"@type":"Organization","@id":"https:\/\/www.evoti.com.br\/news\/#organization","name":"EVO - Tecnologia da Informa\u00e7\u00e3o","url":"https:\/\/www.evoti.com.br\/news\/","logo":{"@type":"ImageObject","inLanguage":"pt-BR","@id":"https:\/\/www.evoti.com.br\/news\/#\/schema\/logo\/image\/","url":"https:\/\/www.evoti.com.br\/news\/wp-content\/uploads\/2019\/05\/logo_evo_150-1.png","contentUrl":"https:\/\/www.evoti.com.br\/news\/wp-content\/uploads\/2019\/05\/logo_evo_150-1.png","width":150,"height":150,"caption":"EVO - Tecnologia da Informa\u00e7\u00e3o"},"image":{"@id":"https:\/\/www.evoti.com.br\/news\/#\/schema\/logo\/image\/"},"sameAs":["https:\/\/www.facebook.com\/evoti","http:\/\/instragram.com\/evotiolimpia"]}]}},"_links":{"self":[{"href":"https:\/\/www.evoti.com.br\/news\/wp-json\/wp\/v2\/product\/8120","targetHints":{"allow":["GET"]}}],"collection":[{"href":"https:\/\/www.evoti.com.br\/news\/wp-json\/wp\/v2\/product"}],"about":[{"href":"https:\/\/www.evoti.com.br\/news\/wp-json\/wp\/v2\/types\/product"}],"replies":[{"embeddable":true,"href":"https:\/\/www.evoti.com.br\/news\/wp-json\/wp\/v2\/comments?post=8120"}],"wp:featuredmedia":[{"embeddable":true,"href":"https:\/\/www.evoti.com.br\/news\/wp-json\/wp\/v2\/media\/8124"}],"wp:attachment":[{"href":"https:\/\/www.evoti.com.br\/news\/wp-json\/wp\/v2\/media?parent=8120"}],"wp:term":[{"taxonomy":"product_brand","embeddable":true,"href":"https:\/\/www.evoti.com.br\/news\/wp-json\/wp\/v2\/product_brand?post=8120"},{"taxonomy":"product_cat","embeddable":true,"href":"https:\/\/www.evoti.com.br\/news\/wp-json\/wp\/v2\/product_cat?post=8120"},{"taxonomy":"product_tag","embeddable":true,"href":"https:\/\/www.evoti.com.br\/news\/wp-json\/wp\/v2\/product_tag?post=8120"}],"curies":[{"name":"wp","href":"https:\/\/api.w.org\/{rel}","templated":true}]}}