{"id":462,"date":"2019-05-06T16:47:02","date_gmt":"2019-05-06T19:47:02","guid":{"rendered":"https:\/\/www.evoti.com.br\/news\/?post_type=product&#038;p=462"},"modified":"2026-02-04T15:38:26","modified_gmt":"2026-02-04T18:38:26","slug":"impressora-termica-nao-fiscal-tanca-tp-650","status":"publish","type":"product","link":"https:\/\/www.evoti.com.br\/news\/produto\/impressora-termica-nao-fiscal-tanca-tp-650\/","title":{"rendered":"IMPRESSORA TERMICA NAO FISCAL TANCA TP-650 USB"},"content":{"rendered":"<p>Desenvolvida para atender a grande demanda do mercado a impressora TP-650 traz em seu projeto a efici\u00eancia de seus modelos anteriores aliada ao seu design moderno e pr\u00e1tico.<\/p>\n","protected":false},"excerpt":{"rendered":"<p>Obtenha a maior efici\u00eancia em seu estabelecimento elevando a qualidade de impress\u00e3o de seus cupons atrav\u00e9s da rapidez da impress\u00e3o, seguran\u00e7a e versatilidade.<\/p>\n","protected":false},"featured_media":463,"comment_status":"open","ping_status":"closed","template":"","meta":{"_exactmetrics_skip_tracking":false,"_exactmetrics_sitenote_active":false,"_exactmetrics_sitenote_note":"","_exactmetrics_sitenote_category":0,"_joinchat":[]},"product_brand":[],"product_cat":[28],"product_tag":[35,33,37,31,36,34],"class_list":{"0":"post-462","1":"product","2":"type-product","3":"status-publish","4":"has-post-thumbnail","6":"product_cat-automacao","7":"product_tag-guilhotina","8":"product_tag-impressora","9":"product_tag-nao-fiscal","10":"product_tag-tanca","11":"product_tag-termica","12":"product_tag-tp-650","14":"first","15":"instock","16":"sale","17":"shipping-taxable","18":"purchasable","19":"product-type-simple"},"yoast_head":"<!-- This site is optimized with the Yoast SEO plugin v26.9 - https:\/\/yoast.com\/product\/yoast-seo-wordpress\/ -->\n<title>IMPRESSORA TERMICA NAO FISCAL TANCA TP-650 USB - EVOTI Sistemas<\/title>\n<meta name=\"robots\" content=\"index, follow, max-snippet:-1, max-image-preview:large, max-video-preview:-1\" \/>\n<link rel=\"canonical\" href=\"https:\/\/www.evoti.com.br\/news\/produto\/impressora-termica-nao-fiscal-tanca-tp-650\/\" \/>\n<meta property=\"og:locale\" content=\"pt_BR\" \/>\n<meta property=\"og:type\" content=\"article\" \/>\n<meta property=\"og:title\" content=\"IMPRESSORA TERMICA NAO FISCAL TANCA TP-650 USB - EVOTI Sistemas\" \/>\n<meta property=\"og:description\" content=\"Obtenha a maior efici\u00eancia em seu estabelecimento elevando a qualidade de impress\u00e3o de seus cupons atrav\u00e9s da rapidez da impress\u00e3o, seguran\u00e7a e versatilidade.\" \/>\n<meta property=\"og:url\" content=\"https:\/\/www.evoti.com.br\/news\/produto\/impressora-termica-nao-fiscal-tanca-tp-650\/\" \/>\n<meta property=\"og:site_name\" content=\"EVOTI Sistemas\" \/>\n<meta property=\"article:publisher\" content=\"https:\/\/www.facebook.com\/evoti\" \/>\n<meta property=\"article:modified_time\" content=\"2026-02-04T18:38:26+00:00\" \/>\n<meta property=\"og:image\" content=\"https:\/\/www.evoti.com.br\/news\/wp-content\/uploads\/2019\/05\/impressora_termica_tanca_tp650_usb_serial_rede_200_1_20180409162309.jpg\" \/>\n\t<meta property=\"og:image:width\" content=\"1000\" \/>\n\t<meta property=\"og:image:height\" content=\"986\" \/>\n\t<meta property=\"og:image:type\" content=\"image\/jpeg\" \/>\n<meta name=\"twitter:card\" content=\"summary_large_image\" \/>\n<script type=\"application\/ld+json\" class=\"yoast-schema-graph\">{\"@context\":\"https:\/\/schema.org\",\"@graph\":[{\"@type\":\"WebPage\",\"@id\":\"https:\/\/www.evoti.com.br\/news\/produto\/impressora-termica-nao-fiscal-tanca-tp-650\/\",\"url\":\"https:\/\/www.evoti.com.br\/news\/produto\/impressora-termica-nao-fiscal-tanca-tp-650\/\",\"name\":\"IMPRESSORA TERMICA NAO FISCAL TANCA TP-650 USB - EVOTI Sistemas\",\"isPartOf\":{\"@id\":\"https:\/\/www.evoti.com.br\/news\/#website\"},\"primaryImageOfPage\":{\"@id\":\"https:\/\/www.evoti.com.br\/news\/produto\/impressora-termica-nao-fiscal-tanca-tp-650\/#primaryimage\"},\"image\":{\"@id\":\"https:\/\/www.evoti.com.br\/news\/produto\/impressora-termica-nao-fiscal-tanca-tp-650\/#primaryimage\"},\"thumbnailUrl\":\"https:\/\/www.evoti.com.br\/news\/wp-content\/uploads\/2019\/05\/impressora_termica_tanca_tp650_usb_serial_rede_200_1_20180409162309.jpg\",\"datePublished\":\"2019-05-06T19:47:02+00:00\",\"dateModified\":\"2026-02-04T18:38:26+00:00\",\"breadcrumb\":{\"@id\":\"https:\/\/www.evoti.com.br\/news\/produto\/impressora-termica-nao-fiscal-tanca-tp-650\/#breadcrumb\"},\"inLanguage\":\"pt-BR\",\"potentialAction\":[{\"@type\":\"ReadAction\",\"target\":[\"https:\/\/www.evoti.com.br\/news\/produto\/impressora-termica-nao-fiscal-tanca-tp-650\/\"]}]},{\"@type\":\"ImageObject\",\"inLanguage\":\"pt-BR\",\"@id\":\"https:\/\/www.evoti.com.br\/news\/produto\/impressora-termica-nao-fiscal-tanca-tp-650\/#primaryimage\",\"url\":\"https:\/\/www.evoti.com.br\/news\/wp-content\/uploads\/2019\/05\/impressora_termica_tanca_tp650_usb_serial_rede_200_1_20180409162309.jpg\",\"contentUrl\":\"https:\/\/www.evoti.com.br\/news\/wp-content\/uploads\/2019\/05\/impressora_termica_tanca_tp650_usb_serial_rede_200_1_20180409162309.jpg\",\"width\":1000,\"height\":986},{\"@type\":\"BreadcrumbList\",\"@id\":\"https:\/\/www.evoti.com.br\/news\/produto\/impressora-termica-nao-fiscal-tanca-tp-650\/#breadcrumb\",\"itemListElement\":[{\"@type\":\"ListItem\",\"position\":1,\"name\":\"In\u00edcio\",\"item\":\"https:\/\/www.evoti.com.br\/news\/\"},{\"@type\":\"ListItem\",\"position\":2,\"name\":\"Shop\",\"item\":\"https:\/\/www.evoti.com.br\/news\/shop\/\"},{\"@type\":\"ListItem\",\"position\":3,\"name\":\"IMPRESSORA TERMICA NAO FISCAL TANCA TP-650 USB\"}]},{\"@type\":\"WebSite\",\"@id\":\"https:\/\/www.evoti.com.br\/news\/#website\",\"url\":\"https:\/\/www.evoti.com.br\/news\/\",\"name\":\"EVOTI Sistemas\",\"description\":\"Sistema para gerenciamento de com\u00e9rcios em geral, empresas de alimenta\u00e7\u00e3o (restaurante, pizzaria, lanchonete) com emiss\u00e3o Fiscal (SAT, NF-e, MDF-e), Financeiro, estoque, vendas e muito mais. Estamos localizados em Ol\u00edmpia e atendemos a todo territ\u00f3rio nacional. Oferecemos servi\u00e7os de Tecnologia da Informa\u00e7\u00e3o com agilidade e comprometimento, agregando valor e inova\u00e7\u00e3o ao neg\u00f3cio de nossos clientes, respeitando a sociedade e o meio ambiente.\",\"publisher\":{\"@id\":\"https:\/\/www.evoti.com.br\/news\/#organization\"},\"potentialAction\":[{\"@type\":\"SearchAction\",\"target\":{\"@type\":\"EntryPoint\",\"urlTemplate\":\"https:\/\/www.evoti.com.br\/news\/?s={search_term_string}\"},\"query-input\":{\"@type\":\"PropertyValueSpecification\",\"valueRequired\":true,\"valueName\":\"search_term_string\"}}],\"inLanguage\":\"pt-BR\"},{\"@type\":\"Organization\",\"@id\":\"https:\/\/www.evoti.com.br\/news\/#organization\",\"name\":\"EVO - Tecnologia da Informa\u00e7\u00e3o\",\"url\":\"https:\/\/www.evoti.com.br\/news\/\",\"logo\":{\"@type\":\"ImageObject\",\"inLanguage\":\"pt-BR\",\"@id\":\"https:\/\/www.evoti.com.br\/news\/#\/schema\/logo\/image\/\",\"url\":\"https:\/\/www.evoti.com.br\/news\/wp-content\/uploads\/2019\/05\/logo_evo_150-1.png\",\"contentUrl\":\"https:\/\/www.evoti.com.br\/news\/wp-content\/uploads\/2019\/05\/logo_evo_150-1.png\",\"width\":150,\"height\":150,\"caption\":\"EVO - Tecnologia da Informa\u00e7\u00e3o\"},\"image\":{\"@id\":\"https:\/\/www.evoti.com.br\/news\/#\/schema\/logo\/image\/\"},\"sameAs\":[\"https:\/\/www.facebook.com\/evoti\",\"http:\/\/instragram.com\/evotiolimpia\"]}]}<\/script>\n<!-- \/ Yoast SEO plugin. -->","yoast_head_json":{"title":"IMPRESSORA TERMICA NAO FISCAL TANCA TP-650 USB - EVOTI Sistemas","robots":{"index":"index","follow":"follow","max-snippet":"max-snippet:-1","max-image-preview":"max-image-preview:large","max-video-preview":"max-video-preview:-1"},"canonical":"https:\/\/www.evoti.com.br\/news\/produto\/impressora-termica-nao-fiscal-tanca-tp-650\/","og_locale":"pt_BR","og_type":"article","og_title":"IMPRESSORA TERMICA NAO FISCAL TANCA TP-650 USB - EVOTI Sistemas","og_description":"Obtenha a maior efici\u00eancia em seu estabelecimento elevando a qualidade de impress\u00e3o de seus cupons atrav\u00e9s da rapidez da impress\u00e3o, seguran\u00e7a e versatilidade.","og_url":"https:\/\/www.evoti.com.br\/news\/produto\/impressora-termica-nao-fiscal-tanca-tp-650\/","og_site_name":"EVOTI Sistemas","article_publisher":"https:\/\/www.facebook.com\/evoti","article_modified_time":"2026-02-04T18:38:26+00:00","og_image":[{"width":1000,"height":986,"url":"https:\/\/www.evoti.com.br\/news\/wp-content\/uploads\/2019\/05\/impressora_termica_tanca_tp650_usb_serial_rede_200_1_20180409162309.jpg","type":"image\/jpeg"}],"twitter_card":"summary_large_image","schema":{"@context":"https:\/\/schema.org","@graph":[{"@type":"WebPage","@id":"https:\/\/www.evoti.com.br\/news\/produto\/impressora-termica-nao-fiscal-tanca-tp-650\/","url":"https:\/\/www.evoti.com.br\/news\/produto\/impressora-termica-nao-fiscal-tanca-tp-650\/","name":"IMPRESSORA TERMICA NAO FISCAL TANCA TP-650 USB - EVOTI Sistemas","isPartOf":{"@id":"https:\/\/www.evoti.com.br\/news\/#website"},"primaryImageOfPage":{"@id":"https:\/\/www.evoti.com.br\/news\/produto\/impressora-termica-nao-fiscal-tanca-tp-650\/#primaryimage"},"image":{"@id":"https:\/\/www.evoti.com.br\/news\/produto\/impressora-termica-nao-fiscal-tanca-tp-650\/#primaryimage"},"thumbnailUrl":"https:\/\/www.evoti.com.br\/news\/wp-content\/uploads\/2019\/05\/impressora_termica_tanca_tp650_usb_serial_rede_200_1_20180409162309.jpg","datePublished":"2019-05-06T19:47:02+00:00","dateModified":"2026-02-04T18:38:26+00:00","breadcrumb":{"@id":"https:\/\/www.evoti.com.br\/news\/produto\/impressora-termica-nao-fiscal-tanca-tp-650\/#breadcrumb"},"inLanguage":"pt-BR","potentialAction":[{"@type":"ReadAction","target":["https:\/\/www.evoti.com.br\/news\/produto\/impressora-termica-nao-fiscal-tanca-tp-650\/"]}]},{"@type":"ImageObject","inLanguage":"pt-BR","@id":"https:\/\/www.evoti.com.br\/news\/produto\/impressora-termica-nao-fiscal-tanca-tp-650\/#primaryimage","url":"https:\/\/www.evoti.com.br\/news\/wp-content\/uploads\/2019\/05\/impressora_termica_tanca_tp650_usb_serial_rede_200_1_20180409162309.jpg","contentUrl":"https:\/\/www.evoti.com.br\/news\/wp-content\/uploads\/2019\/05\/impressora_termica_tanca_tp650_usb_serial_rede_200_1_20180409162309.jpg","width":1000,"height":986},{"@type":"BreadcrumbList","@id":"https:\/\/www.evoti.com.br\/news\/produto\/impressora-termica-nao-fiscal-tanca-tp-650\/#breadcrumb","itemListElement":[{"@type":"ListItem","position":1,"name":"In\u00edcio","item":"https:\/\/www.evoti.com.br\/news\/"},{"@type":"ListItem","position":2,"name":"Shop","item":"https:\/\/www.evoti.com.br\/news\/shop\/"},{"@type":"ListItem","position":3,"name":"IMPRESSORA TERMICA NAO FISCAL TANCA TP-650 USB"}]},{"@type":"WebSite","@id":"https:\/\/www.evoti.com.br\/news\/#website","url":"https:\/\/www.evoti.com.br\/news\/","name":"EVOTI Sistemas","description":"Sistema para gerenciamento de com\u00e9rcios em geral, empresas de alimenta\u00e7\u00e3o (restaurante, pizzaria, lanchonete) com emiss\u00e3o Fiscal (SAT, NF-e, MDF-e), Financeiro, estoque, vendas e muito mais. Estamos localizados em Ol\u00edmpia e atendemos a todo territ\u00f3rio nacional. Oferecemos servi\u00e7os de Tecnologia da Informa\u00e7\u00e3o com agilidade e comprometimento, agregando valor e inova\u00e7\u00e3o ao neg\u00f3cio de nossos clientes, respeitando a sociedade e o meio ambiente.","publisher":{"@id":"https:\/\/www.evoti.com.br\/news\/#organization"},"potentialAction":[{"@type":"SearchAction","target":{"@type":"EntryPoint","urlTemplate":"https:\/\/www.evoti.com.br\/news\/?s={search_term_string}"},"query-input":{"@type":"PropertyValueSpecification","valueRequired":true,"valueName":"search_term_string"}}],"inLanguage":"pt-BR"},{"@type":"Organization","@id":"https:\/\/www.evoti.com.br\/news\/#organization","name":"EVO - Tecnologia da Informa\u00e7\u00e3o","url":"https:\/\/www.evoti.com.br\/news\/","logo":{"@type":"ImageObject","inLanguage":"pt-BR","@id":"https:\/\/www.evoti.com.br\/news\/#\/schema\/logo\/image\/","url":"https:\/\/www.evoti.com.br\/news\/wp-content\/uploads\/2019\/05\/logo_evo_150-1.png","contentUrl":"https:\/\/www.evoti.com.br\/news\/wp-content\/uploads\/2019\/05\/logo_evo_150-1.png","width":150,"height":150,"caption":"EVO - Tecnologia da Informa\u00e7\u00e3o"},"image":{"@id":"https:\/\/www.evoti.com.br\/news\/#\/schema\/logo\/image\/"},"sameAs":["https:\/\/www.facebook.com\/evoti","http:\/\/instragram.com\/evotiolimpia"]}]}},"_links":{"self":[{"href":"https:\/\/www.evoti.com.br\/news\/wp-json\/wp\/v2\/product\/462","targetHints":{"allow":["GET"]}}],"collection":[{"href":"https:\/\/www.evoti.com.br\/news\/wp-json\/wp\/v2\/product"}],"about":[{"href":"https:\/\/www.evoti.com.br\/news\/wp-json\/wp\/v2\/types\/product"}],"replies":[{"embeddable":true,"href":"https:\/\/www.evoti.com.br\/news\/wp-json\/wp\/v2\/comments?post=462"}],"wp:featuredmedia":[{"embeddable":true,"href":"https:\/\/www.evoti.com.br\/news\/wp-json\/wp\/v2\/media\/463"}],"wp:attachment":[{"href":"https:\/\/www.evoti.com.br\/news\/wp-json\/wp\/v2\/media?parent=462"}],"wp:term":[{"taxonomy":"product_brand","embeddable":true,"href":"https:\/\/www.evoti.com.br\/news\/wp-json\/wp\/v2\/product_brand?post=462"},{"taxonomy":"product_cat","embeddable":true,"href":"https:\/\/www.evoti.com.br\/news\/wp-json\/wp\/v2\/product_cat?post=462"},{"taxonomy":"product_tag","embeddable":true,"href":"https:\/\/www.evoti.com.br\/news\/wp-json\/wp\/v2\/product_tag?post=462"}],"curies":[{"name":"wp","href":"https:\/\/api.w.org\/{rel}","templated":true}]}}