{"id":10969,"date":"2022-09-07T23:11:46","date_gmt":"2022-09-08T02:11:46","guid":{"rendered":"https:\/\/www.evoti.com.br\/news\/?post_type=product&#038;p=10969"},"modified":"2026-02-04T15:38:26","modified_gmt":"2026-02-04T18:38:26","slug":"impressora-bematech-termica-i9-full-nao-fiscal-c-guilhotina","status":"publish","type":"product","link":"https:\/\/www.evoti.com.br\/news\/produto\/impressora-bematech-termica-i9-full-nao-fiscal-c-guilhotina\/","title":{"rendered":"Impressora Bematech T\u00e9rmica I9 FULL N\u00e3o Fiscal c\/ guilhotina"},"content":{"rendered":"<table class=\"table table-striped\">\n<thead>\n<tr class=\"success\">\n<th><strong>I9 FULL<\/strong><\/th>\n<th><\/th>\n<\/tr>\n<\/thead>\n<tbody>\n<tr>\n<td>IDEAL PARA<\/td>\n<td>Lojas de pequeno, m\u00e9dio ou grande porte atacado e varejo<\/td>\n<\/tr>\n<tr>\n<td>TECNOLOGIA DE IMPRESS\u00c3O<\/td>\n<td>T\u00e9rmica Direta<\/td>\n<\/tr>\n<tr>\n<td>VELOCIDADE M\u00c1XIMA<\/td>\n<td>300 mm\/seg.<\/td>\n<\/tr>\n<tr>\n<td>RESOLU\u00c7\u00c3O<\/td>\n<td>203 DPI (8 dots\/mm)<\/td>\n<\/tr>\n<tr>\n<td>LARGURA DO PAPEL<\/td>\n<td>57,5 +\/- 0,5mm \/ 80 +\/- 0,5mm<\/td>\n<\/tr>\n<tr>\n<td>FONTES DE CARACTERES<\/td>\n<td>ASCII 9&#215;17, 12&#215;24 14 Code Pages<\/td>\n<\/tr>\n<tr>\n<td>MEM\u00d3RIA<\/td>\n<td>RAM: 1MB \/ Buffer 48K \/ Flash: 4MB<\/td>\n<\/tr>\n<tr>\n<td>INTERFACES DE COMUNICA\u00c7\u00c3O<\/td>\n<td>USB+Serial+Ethernet (Cabo USB incluso)<\/td>\n<\/tr>\n<tr>\n<td>GUILHOTINA<\/td>\n<td>Sempre inclusa (corte parcial ou corte manual + serrilha.<\/td>\n<\/tr>\n<tr>\n<td>DRIVER DE WINDOWS<\/td>\n<td>Windows XP \/ 7 \/ 8 \/ 10 &#8211; 32 e 64 Bits<\/td>\n<\/tr>\n<tr>\n<td>DRIVER DE LINUX<\/td>\n<td>Sob consulta<\/td>\n<\/tr>\n<tr>\n<td>COMPATIBILIDADE<\/td>\n<td>ESC\/ POS<\/td>\n<\/tr>\n<tr>\n<td>C\u00d3DIGO DE BARRAS<\/td>\n<td>UPC-A \/ UPC-E \/ EAN8 \/ EAN13 \/ C\u00d3DIGO39 \/ ITF C\u00d3DIGO 128 \/C\u00d3DIGO 93 \/ PDF417 \/ QR Code \/ Intercalado 2\/5<\/td>\n<\/tr>\n<tr>\n<td>CONFIABILIDADE<\/td>\n<td>Vida \u00fatil da cabe\u00e7a t\u00e9rmica = 150km, MTBF = 360.000h<\/td>\n<\/tr>\n<tr>\n<td>DIMENS\u00d5ES<\/td>\n<td>142(L) x 205 (P) x 138(A) 145(L) x 197(P) x 146 (A)mm<\/td>\n<\/tr>\n<tr>\n<td>VOLTAGEM<\/td>\n<td>Entrada: AC100V &#8211; 240V 50-60HZ, Sa\u00edda: 24V \u00b1 5%, 2.1A<\/td>\n<\/tr>\n<tr>\n<td>PESO<\/td>\n<td>1,8kg<\/td>\n<\/tr>\n<tr>\n<td><\/td>\n<td><\/td>\n<\/tr>\n<\/tbody>\n<\/table>\n","protected":false},"excerpt":{"rendered":"<h2 class=\"entry-excerpt\">IMPRESSORA T\u00c9RMICA N\u00c3O FISCAL<\/h2>\n<div class=\"entry-content\">\n<p>Com excelente\u00a0<strong>robustez e alta velocidade de impress\u00e3o, a i9 FULL \u00e9 a solu\u00e7\u00e3o ideal para NFC-e \/ SAT, al\u00e9m da impress\u00e3o de outros cupons n\u00e3o fiscais.<\/strong>\u00a0Al\u00e9m disso, ela\u00a0<strong>pode funcionar como unidade geradora de senha aut\u00f4noma (fun\u00e7\u00e3o UGS), sem custos adicionais.<\/strong><\/p>\n<\/div>\n","protected":false},"featured_media":10970,"comment_status":"open","ping_status":"closed","template":"","meta":{"_exactmetrics_skip_tracking":false,"_exactmetrics_sitenote_active":false,"_exactmetrics_sitenote_note":"","_exactmetrics_sitenote_category":0,"_joinchat":[]},"product_brand":[],"product_cat":[28],"product_tag":[],"class_list":{"0":"post-10969","1":"product","2":"type-product","3":"status-publish","4":"has-post-thumbnail","6":"product_cat-automacao","8":"first","9":"instock","10":"sale","11":"shipping-taxable","12":"purchasable","13":"product-type-simple"},"yoast_head":"<!-- This site is optimized with the Yoast SEO plugin v26.9 - https:\/\/yoast.com\/product\/yoast-seo-wordpress\/ -->\n<title>Impressora Bematech T\u00e9rmica I9 FULL N\u00e3o Fiscal c\/ guilhotina - EVOTI Sistemas<\/title>\n<meta name=\"robots\" content=\"index, follow, max-snippet:-1, max-image-preview:large, max-video-preview:-1\" \/>\n<link rel=\"canonical\" href=\"https:\/\/www.evoti.com.br\/news\/produto\/impressora-bematech-termica-i9-full-nao-fiscal-c-guilhotina\/\" \/>\n<meta property=\"og:locale\" content=\"pt_BR\" \/>\n<meta property=\"og:type\" content=\"article\" \/>\n<meta property=\"og:title\" content=\"Impressora Bematech T\u00e9rmica I9 FULL N\u00e3o Fiscal c\/ guilhotina - EVOTI Sistemas\" \/>\n<meta property=\"og:description\" content=\"IMPRESSORA T\u00c9RMICA N\u00c3O FISCAL   Com excelente\u00a0robustez e alta velocidade de impress\u00e3o, a i9 FULL \u00e9 a solu\u00e7\u00e3o ideal para NFC-e \/ SAT, al\u00e9m da impress\u00e3o de outros cupons n\u00e3o fiscais.\u00a0Al\u00e9m disso, ela\u00a0pode funcionar como unidade geradora de senha aut\u00f4noma (fun\u00e7\u00e3o UGS), sem custos adicionais.\" \/>\n<meta property=\"og:url\" content=\"https:\/\/www.evoti.com.br\/news\/produto\/impressora-bematech-termica-i9-full-nao-fiscal-c-guilhotina\/\" \/>\n<meta property=\"og:site_name\" content=\"EVOTI Sistemas\" \/>\n<meta property=\"article:publisher\" content=\"https:\/\/www.facebook.com\/evoti\" \/>\n<meta property=\"article:modified_time\" content=\"2026-02-04T18:38:26+00:00\" \/>\n<meta property=\"og:image\" content=\"https:\/\/www.evoti.com.br\/news\/wp-content\/uploads\/2022\/09\/Impressora-i9-e1662603196938.png\" \/>\n\t<meta property=\"og:image:width\" content=\"498\" \/>\n\t<meta property=\"og:image:height\" content=\"498\" \/>\n\t<meta property=\"og:image:type\" content=\"image\/png\" \/>\n<meta name=\"twitter:card\" content=\"summary_large_image\" \/>\n<meta name=\"twitter:label1\" content=\"Est. tempo de leitura\" \/>\n\t<meta name=\"twitter:data1\" content=\"1 minuto\" \/>\n<script type=\"application\/ld+json\" class=\"yoast-schema-graph\">{\"@context\":\"https:\/\/schema.org\",\"@graph\":[{\"@type\":\"WebPage\",\"@id\":\"https:\/\/www.evoti.com.br\/news\/produto\/impressora-bematech-termica-i9-full-nao-fiscal-c-guilhotina\/\",\"url\":\"https:\/\/www.evoti.com.br\/news\/produto\/impressora-bematech-termica-i9-full-nao-fiscal-c-guilhotina\/\",\"name\":\"Impressora Bematech T\u00e9rmica I9 FULL N\u00e3o Fiscal c\/ guilhotina - EVOTI Sistemas\",\"isPartOf\":{\"@id\":\"https:\/\/www.evoti.com.br\/news\/#website\"},\"primaryImageOfPage\":{\"@id\":\"https:\/\/www.evoti.com.br\/news\/produto\/impressora-bematech-termica-i9-full-nao-fiscal-c-guilhotina\/#primaryimage\"},\"image\":{\"@id\":\"https:\/\/www.evoti.com.br\/news\/produto\/impressora-bematech-termica-i9-full-nao-fiscal-c-guilhotina\/#primaryimage\"},\"thumbnailUrl\":\"https:\/\/www.evoti.com.br\/news\/wp-content\/uploads\/2022\/09\/Impressora-i9-e1662603196938.png\",\"datePublished\":\"2022-09-08T02:11:46+00:00\",\"dateModified\":\"2026-02-04T18:38:26+00:00\",\"breadcrumb\":{\"@id\":\"https:\/\/www.evoti.com.br\/news\/produto\/impressora-bematech-termica-i9-full-nao-fiscal-c-guilhotina\/#breadcrumb\"},\"inLanguage\":\"pt-BR\",\"potentialAction\":[{\"@type\":\"ReadAction\",\"target\":[\"https:\/\/www.evoti.com.br\/news\/produto\/impressora-bematech-termica-i9-full-nao-fiscal-c-guilhotina\/\"]}]},{\"@type\":\"ImageObject\",\"inLanguage\":\"pt-BR\",\"@id\":\"https:\/\/www.evoti.com.br\/news\/produto\/impressora-bematech-termica-i9-full-nao-fiscal-c-guilhotina\/#primaryimage\",\"url\":\"https:\/\/www.evoti.com.br\/news\/wp-content\/uploads\/2022\/09\/Impressora-i9-e1662603196938.png\",\"contentUrl\":\"https:\/\/www.evoti.com.br\/news\/wp-content\/uploads\/2022\/09\/Impressora-i9-e1662603196938.png\",\"width\":498,\"height\":498},{\"@type\":\"BreadcrumbList\",\"@id\":\"https:\/\/www.evoti.com.br\/news\/produto\/impressora-bematech-termica-i9-full-nao-fiscal-c-guilhotina\/#breadcrumb\",\"itemListElement\":[{\"@type\":\"ListItem\",\"position\":1,\"name\":\"In\u00edcio\",\"item\":\"https:\/\/www.evoti.com.br\/news\/\"},{\"@type\":\"ListItem\",\"position\":2,\"name\":\"Shop\",\"item\":\"https:\/\/www.evoti.com.br\/news\/shop\/\"},{\"@type\":\"ListItem\",\"position\":3,\"name\":\"Impressora Bematech T\u00e9rmica I9 FULL N\u00e3o Fiscal c\/ guilhotina\"}]},{\"@type\":\"WebSite\",\"@id\":\"https:\/\/www.evoti.com.br\/news\/#website\",\"url\":\"https:\/\/www.evoti.com.br\/news\/\",\"name\":\"EVOTI Sistemas\",\"description\":\"Sistema para gerenciamento de com\u00e9rcios em geral, empresas de alimenta\u00e7\u00e3o (restaurante, pizzaria, lanchonete) com emiss\u00e3o Fiscal (SAT, NF-e, MDF-e), Financeiro, estoque, vendas e muito mais. Estamos localizados em Ol\u00edmpia e atendemos a todo territ\u00f3rio nacional. Oferecemos servi\u00e7os de Tecnologia da Informa\u00e7\u00e3o com agilidade e comprometimento, agregando valor e inova\u00e7\u00e3o ao neg\u00f3cio de nossos clientes, respeitando a sociedade e o meio ambiente.\",\"publisher\":{\"@id\":\"https:\/\/www.evoti.com.br\/news\/#organization\"},\"potentialAction\":[{\"@type\":\"SearchAction\",\"target\":{\"@type\":\"EntryPoint\",\"urlTemplate\":\"https:\/\/www.evoti.com.br\/news\/?s={search_term_string}\"},\"query-input\":{\"@type\":\"PropertyValueSpecification\",\"valueRequired\":true,\"valueName\":\"search_term_string\"}}],\"inLanguage\":\"pt-BR\"},{\"@type\":\"Organization\",\"@id\":\"https:\/\/www.evoti.com.br\/news\/#organization\",\"name\":\"EVO - Tecnologia da Informa\u00e7\u00e3o\",\"url\":\"https:\/\/www.evoti.com.br\/news\/\",\"logo\":{\"@type\":\"ImageObject\",\"inLanguage\":\"pt-BR\",\"@id\":\"https:\/\/www.evoti.com.br\/news\/#\/schema\/logo\/image\/\",\"url\":\"https:\/\/www.evoti.com.br\/news\/wp-content\/uploads\/2019\/05\/logo_evo_150-1.png\",\"contentUrl\":\"https:\/\/www.evoti.com.br\/news\/wp-content\/uploads\/2019\/05\/logo_evo_150-1.png\",\"width\":150,\"height\":150,\"caption\":\"EVO - Tecnologia da Informa\u00e7\u00e3o\"},\"image\":{\"@id\":\"https:\/\/www.evoti.com.br\/news\/#\/schema\/logo\/image\/\"},\"sameAs\":[\"https:\/\/www.facebook.com\/evoti\",\"http:\/\/instragram.com\/evotiolimpia\"]}]}<\/script>\n<!-- \/ Yoast SEO plugin. -->","yoast_head_json":{"title":"Impressora Bematech T\u00e9rmica I9 FULL N\u00e3o Fiscal c\/ guilhotina - EVOTI Sistemas","robots":{"index":"index","follow":"follow","max-snippet":"max-snippet:-1","max-image-preview":"max-image-preview:large","max-video-preview":"max-video-preview:-1"},"canonical":"https:\/\/www.evoti.com.br\/news\/produto\/impressora-bematech-termica-i9-full-nao-fiscal-c-guilhotina\/","og_locale":"pt_BR","og_type":"article","og_title":"Impressora Bematech T\u00e9rmica I9 FULL N\u00e3o Fiscal c\/ guilhotina - EVOTI Sistemas","og_description":"IMPRESSORA T\u00c9RMICA N\u00c3O FISCAL   Com excelente\u00a0robustez e alta velocidade de impress\u00e3o, a i9 FULL \u00e9 a solu\u00e7\u00e3o ideal para NFC-e \/ SAT, al\u00e9m da impress\u00e3o de outros cupons n\u00e3o fiscais.\u00a0Al\u00e9m disso, ela\u00a0pode funcionar como unidade geradora de senha aut\u00f4noma (fun\u00e7\u00e3o UGS), sem custos adicionais.","og_url":"https:\/\/www.evoti.com.br\/news\/produto\/impressora-bematech-termica-i9-full-nao-fiscal-c-guilhotina\/","og_site_name":"EVOTI Sistemas","article_publisher":"https:\/\/www.facebook.com\/evoti","article_modified_time":"2026-02-04T18:38:26+00:00","og_image":[{"width":498,"height":498,"url":"https:\/\/www.evoti.com.br\/news\/wp-content\/uploads\/2022\/09\/Impressora-i9-e1662603196938.png","type":"image\/png"}],"twitter_card":"summary_large_image","twitter_misc":{"Est. tempo de leitura":"1 minuto"},"schema":{"@context":"https:\/\/schema.org","@graph":[{"@type":"WebPage","@id":"https:\/\/www.evoti.com.br\/news\/produto\/impressora-bematech-termica-i9-full-nao-fiscal-c-guilhotina\/","url":"https:\/\/www.evoti.com.br\/news\/produto\/impressora-bematech-termica-i9-full-nao-fiscal-c-guilhotina\/","name":"Impressora Bematech T\u00e9rmica I9 FULL N\u00e3o Fiscal c\/ guilhotina - EVOTI Sistemas","isPartOf":{"@id":"https:\/\/www.evoti.com.br\/news\/#website"},"primaryImageOfPage":{"@id":"https:\/\/www.evoti.com.br\/news\/produto\/impressora-bematech-termica-i9-full-nao-fiscal-c-guilhotina\/#primaryimage"},"image":{"@id":"https:\/\/www.evoti.com.br\/news\/produto\/impressora-bematech-termica-i9-full-nao-fiscal-c-guilhotina\/#primaryimage"},"thumbnailUrl":"https:\/\/www.evoti.com.br\/news\/wp-content\/uploads\/2022\/09\/Impressora-i9-e1662603196938.png","datePublished":"2022-09-08T02:11:46+00:00","dateModified":"2026-02-04T18:38:26+00:00","breadcrumb":{"@id":"https:\/\/www.evoti.com.br\/news\/produto\/impressora-bematech-termica-i9-full-nao-fiscal-c-guilhotina\/#breadcrumb"},"inLanguage":"pt-BR","potentialAction":[{"@type":"ReadAction","target":["https:\/\/www.evoti.com.br\/news\/produto\/impressora-bematech-termica-i9-full-nao-fiscal-c-guilhotina\/"]}]},{"@type":"ImageObject","inLanguage":"pt-BR","@id":"https:\/\/www.evoti.com.br\/news\/produto\/impressora-bematech-termica-i9-full-nao-fiscal-c-guilhotina\/#primaryimage","url":"https:\/\/www.evoti.com.br\/news\/wp-content\/uploads\/2022\/09\/Impressora-i9-e1662603196938.png","contentUrl":"https:\/\/www.evoti.com.br\/news\/wp-content\/uploads\/2022\/09\/Impressora-i9-e1662603196938.png","width":498,"height":498},{"@type":"BreadcrumbList","@id":"https:\/\/www.evoti.com.br\/news\/produto\/impressora-bematech-termica-i9-full-nao-fiscal-c-guilhotina\/#breadcrumb","itemListElement":[{"@type":"ListItem","position":1,"name":"In\u00edcio","item":"https:\/\/www.evoti.com.br\/news\/"},{"@type":"ListItem","position":2,"name":"Shop","item":"https:\/\/www.evoti.com.br\/news\/shop\/"},{"@type":"ListItem","position":3,"name":"Impressora Bematech T\u00e9rmica I9 FULL N\u00e3o Fiscal c\/ guilhotina"}]},{"@type":"WebSite","@id":"https:\/\/www.evoti.com.br\/news\/#website","url":"https:\/\/www.evoti.com.br\/news\/","name":"EVOTI Sistemas","description":"Sistema para gerenciamento de com\u00e9rcios em geral, empresas de alimenta\u00e7\u00e3o (restaurante, pizzaria, lanchonete) com emiss\u00e3o Fiscal (SAT, NF-e, MDF-e), Financeiro, estoque, vendas e muito mais. Estamos localizados em Ol\u00edmpia e atendemos a todo territ\u00f3rio nacional. Oferecemos servi\u00e7os de Tecnologia da Informa\u00e7\u00e3o com agilidade e comprometimento, agregando valor e inova\u00e7\u00e3o ao neg\u00f3cio de nossos clientes, respeitando a sociedade e o meio ambiente.","publisher":{"@id":"https:\/\/www.evoti.com.br\/news\/#organization"},"potentialAction":[{"@type":"SearchAction","target":{"@type":"EntryPoint","urlTemplate":"https:\/\/www.evoti.com.br\/news\/?s={search_term_string}"},"query-input":{"@type":"PropertyValueSpecification","valueRequired":true,"valueName":"search_term_string"}}],"inLanguage":"pt-BR"},{"@type":"Organization","@id":"https:\/\/www.evoti.com.br\/news\/#organization","name":"EVO - Tecnologia da Informa\u00e7\u00e3o","url":"https:\/\/www.evoti.com.br\/news\/","logo":{"@type":"ImageObject","inLanguage":"pt-BR","@id":"https:\/\/www.evoti.com.br\/news\/#\/schema\/logo\/image\/","url":"https:\/\/www.evoti.com.br\/news\/wp-content\/uploads\/2019\/05\/logo_evo_150-1.png","contentUrl":"https:\/\/www.evoti.com.br\/news\/wp-content\/uploads\/2019\/05\/logo_evo_150-1.png","width":150,"height":150,"caption":"EVO - Tecnologia da Informa\u00e7\u00e3o"},"image":{"@id":"https:\/\/www.evoti.com.br\/news\/#\/schema\/logo\/image\/"},"sameAs":["https:\/\/www.facebook.com\/evoti","http:\/\/instragram.com\/evotiolimpia"]}]}},"_links":{"self":[{"href":"https:\/\/www.evoti.com.br\/news\/wp-json\/wp\/v2\/product\/10969","targetHints":{"allow":["GET"]}}],"collection":[{"href":"https:\/\/www.evoti.com.br\/news\/wp-json\/wp\/v2\/product"}],"about":[{"href":"https:\/\/www.evoti.com.br\/news\/wp-json\/wp\/v2\/types\/product"}],"replies":[{"embeddable":true,"href":"https:\/\/www.evoti.com.br\/news\/wp-json\/wp\/v2\/comments?post=10969"}],"wp:featuredmedia":[{"embeddable":true,"href":"https:\/\/www.evoti.com.br\/news\/wp-json\/wp\/v2\/media\/10970"}],"wp:attachment":[{"href":"https:\/\/www.evoti.com.br\/news\/wp-json\/wp\/v2\/media?parent=10969"}],"wp:term":[{"taxonomy":"product_brand","embeddable":true,"href":"https:\/\/www.evoti.com.br\/news\/wp-json\/wp\/v2\/product_brand?post=10969"},{"taxonomy":"product_cat","embeddable":true,"href":"https:\/\/www.evoti.com.br\/news\/wp-json\/wp\/v2\/product_cat?post=10969"},{"taxonomy":"product_tag","embeddable":true,"href":"https:\/\/www.evoti.com.br\/news\/wp-json\/wp\/v2\/product_tag?post=10969"}],"curies":[{"name":"wp","href":"https:\/\/api.w.org\/{rel}","templated":true}]}}