{"id":469,"date":"2019-05-06T17:11:05","date_gmt":"2019-05-06T20:11:05","guid":{"rendered":"https:\/\/www.evoti.com.br\/news\/?page_id=469"},"modified":"2020-04-23T17:04:35","modified_gmt":"2020-04-23T20:04:35","slug":"serve-2","status":"publish","type":"page","link":"https:\/\/www.evoti.com.br\/news\/serve-2\/","title":{"rendered":"SERVE &#8211; Vendas e Entregas"},"content":{"rendered":"\n<div class=\"wp-block-cover aligncenter has-background-dim has-parallax img-fluid\" style=\"background-image:url(https:\/\/www.evoti.com.br\/news\/wp-content\/uploads\/2019\/06\/siteevo.jpg);background-color:#a501a0\"><div class=\"wp-block-cover__inner-container is-layout-flow wp-block-cover-is-layout-flow\">\n<h3 class=\"wp-block-heading\">Quer um sistema com controle de comandas e delivery ideal para restaurantes, hamburguerias, pizarias, etc. e muito f\u00e1cil de usar?<\/h3>\n<\/div><\/div>\n\n\n\n<p>Ent\u00e3o conhe\u00e7a o SERVE, sistema feito para o ramo de alimenta\u00e7\u00e3o com o intuito de facilitar e organizar o seu neg\u00f3cio! Capaz de fazer vendas, estoque, PDV, emitir SAT, controle de delivery e comandas. <\/p>\n\n\n\n<div style=\"height:46px\" aria-hidden=\"true\" class=\"wp-block-spacer\"><\/div>\n\n\n\n<div class=\"wp-block-button aligncenter is-style-default\"><a class=\"wp-block-button__link has-background\" href=\"https:\/\/www.evoti.com.br\/news\/contato\/\" style=\"background-color:#a501a0\">Quero mais facilidade para meu neg\u00f3cio<\/a><\/div>\n\n\n\n<div style=\"height:46px\" aria-hidden=\"true\" class=\"wp-block-spacer\"><\/div>\n\n\n\n<p>Ele te permite ter um controle automatizado de tarefas repetitivas nas finan\u00e7as, controles de estoque, gera\u00e7\u00e3o de SAT, facilitamos tudo isso para que voc\u00ea se preocupe mais com seus clientes, proporcionando um atendimento muito melhor.<\/p>\n\n\n\n<div class=\"wp-block-image\"><figure class=\"alignleft is-resized\"><img fetchpriority=\"high\" decoding=\"async\" src=\"https:\/\/www.evoti.com.br\/news\/wp-content\/uploads\/2019\/06\/OE60WU1-1024x814.png\" alt=\"Computador, notebook, tablet e celular com o sistema serve instalado\" class=\"wp-image-542\" width=\"270\" height=\"215\" srcset=\"https:\/\/www.evoti.com.br\/news\/wp-content\/uploads\/2019\/06\/OE60WU1-1024x814.png 1024w, https:\/\/www.evoti.com.br\/news\/wp-content\/uploads\/2019\/06\/OE60WU1-300x238.png 300w, https:\/\/www.evoti.com.br\/news\/wp-content\/uploads\/2019\/06\/OE60WU1-768x610.png 768w, https:\/\/www.evoti.com.br\/news\/wp-content\/uploads\/2019\/06\/OE60WU1-600x477.png 600w, https:\/\/www.evoti.com.br\/news\/wp-content\/uploads\/2019\/06\/OE60WU1.png 1607w\" sizes=\"(max-width: 270px) 100vw, 270px\" \/><\/figure><\/div>\n\n\n\n<p>Al\u00e9m de tudo, nosso sistema funciona em v\u00e1rias plataformas como: computadores, notebooks, tablets e celulares.<\/p>\n\n\n\n<p>Sua equipe de atendimento estar\u00e1 sempre pronta para anotar os pedidos diretos da mesa ap\u00f3s confer\u00eancia.<\/p>\n\n\n\n<p>Com isso tudo, voc\u00ea poder\u00e1 usar o SERVE em todos os seus dispositivos, sincronizadamente, podendo ter mais de um atendente.<\/p>\n\n\n\n<div style=\"height:46px\" aria-hidden=\"true\" class=\"wp-block-spacer\"><\/div>\n\n\n\n<h2 class=\"wp-block-heading\">Tela de produ\u00e7\u00e3o<\/h2>\n\n\n\n<figure class=\"wp-block-image size-large\"><img decoding=\"async\" width=\"1024\" height=\"502\" src=\"https:\/\/www.evoti.com.br\/news\/wp-content\/uploads\/2020\/04\/Tela-de-produ\u00e7\u00e3o-1024x502.png\" alt=\"\" class=\"wp-image-10701\" srcset=\"https:\/\/www.evoti.com.br\/news\/wp-content\/uploads\/2020\/04\/Tela-de-produ\u00e7\u00e3o-1024x502.png 1024w, https:\/\/www.evoti.com.br\/news\/wp-content\/uploads\/2020\/04\/Tela-de-produ\u00e7\u00e3o-300x147.png 300w, https:\/\/www.evoti.com.br\/news\/wp-content\/uploads\/2020\/04\/Tela-de-produ\u00e7\u00e3o-768x376.png 768w, https:\/\/www.evoti.com.br\/news\/wp-content\/uploads\/2020\/04\/Tela-de-produ\u00e7\u00e3o-1536x752.png 1536w, https:\/\/www.evoti.com.br\/news\/wp-content\/uploads\/2020\/04\/Tela-de-produ\u00e7\u00e3o-600x294.png 600w, https:\/\/www.evoti.com.br\/news\/wp-content\/uploads\/2020\/04\/Tela-de-produ\u00e7\u00e3o.png 1919w\" sizes=\"(max-width: 1024px) 100vw, 1024px\" \/><figcaption>Tela de produ\u00e7\u00e3o<\/figcaption><\/figure>\n\n\n\n<p>\u00c9 hora de economizar no gastos com pap\u00e9is e melhorar o fluxo de pedidos do seu estabelecimento. Tenha os pedidos em ordem de chegada com as principais informa\u00e7\u00f5es. N\u00e3o deixe de conhecer esse m\u00f3dulo do nosso sistema.<\/p>\n\n\n\n<div style=\"height:46px\" aria-hidden=\"true\" class=\"wp-block-spacer\"><\/div>\n\n\n\n<div class=\"wp-block-button aligncenter is-style-default\"><a class=\"wp-block-button__link has-background\" href=\"https:\/\/www.evoti.com.br\/news\/contato\/\" style=\"background-color:#a501a0\">Deixar minha empresa mais eficiente<\/a><\/div>\n\n\n\n<div style=\"height:46px\" aria-hidden=\"true\" class=\"wp-block-spacer\"><\/div>\n\n\n\n<h3 class=\"wp-block-heading\">O software definitivo para seu tipo de neg\u00f3cio<\/h3>\n\n\n\n<p>Com nosso sistema voc\u00ea ter\u00e1 controle de todo o seu processo, desde o pedido at\u00e9 a entrega ao seu cliente. Veja algumas vantagens de trabalhar com nosso sistema:<\/p>\n\n\n\n<ul class=\"wp-block-list\"><li>Impress\u00e3o de pedidos separadas por ambiente (imprima no bar ou cozinha)<\/li><li>Controle de mesa ou por comanda<\/li><li>Sistema Delivery<\/li><li>Emiss\u00e3o de Cupom Fiscal Eletr\u00f4nica (SAT-CFe).<\/li><li>Controle de caixa<\/li><li>Relat\u00f3rio de produtos mais vendidos no turno<\/li><li>Controle de entregadores com tempo de entrega<\/li><li>Cadastro de clientes<\/li><li>Ficha t\u00e9cnica de produtos<\/li><li>Tela de produ\u00e7\u00e3o<\/li><li>Controle de estoque<\/li><li>Atendimento de pedidos na mesa do cliente<\/li><li>Fluxo de caixa<\/li><li>Cobran\u00e7a de couvert art\u00edstico ou taxa de entrega<\/li><li>Cadastro de promo\u00e7\u00e3o<\/li><li>Integrado com aplicativo CCM Pedidos (Tenha um aplicativo com a sua marca)<\/li><li>Adicionais vinculados aos produtos<\/li><\/ul>\n\n\n\n<p>Sistema muito f\u00e1cil de usar, contamos com um treinamento no momento da instala\u00e7\u00e3o, e tamb\u00e9m suporte para auxilia-lo quando precisar.<\/p>\n\n\n\n<p>Tudo isso incluso no SERVE e muito mais, <a href=\"https:\/\/www.evoti.com.br\/news\/contato\/\">entre em contato<\/a> agora e nos solicite um or\u00e7amento, temos sistemas a partir de R$50 mensais.<\/p>\n\n\n\n<div style=\"height:46px\" aria-hidden=\"true\" class=\"wp-block-spacer\"><\/div>\n\n\n\n<div class=\"wp-block-button aligncenter\"><a class=\"wp-block-button__link has-background\" href=\"https:\/\/www.evoti.com.br\/news\/contato\/\" style=\"background-color:#a501a0\">N\u00e3o quero mais perder tempo e dinheiro com sistemas dif\u00edceis<\/a><\/div>\n","protected":false},"excerpt":{"rendered":"<p>Ent\u00e3o conhe\u00e7a o SERVE, sistema feito para o ramo de alimenta\u00e7\u00e3o com o intuito de facilitar e organizar o seu neg\u00f3cio! Capaz de fazer vendas, estoque, PDV, emitir SAT, controle de delivery e comandas. Ele te permite ter um controle<\/p>\n","protected":false},"author":1,"featured_media":0,"parent":0,"menu_order":0,"comment_status":"closed","ping_status":"closed","template":"","meta":{"_exactmetrics_skip_tracking":false,"_exactmetrics_sitenote_active":false,"_exactmetrics_sitenote_note":"","_exactmetrics_sitenote_category":0,"_joinchat":[],"footnotes":""},"class_list":["post-469","page","type-page","status-publish","hentry"],"yoast_head":"<!-- This site is optimized with the Yoast SEO plugin v26.9 - https:\/\/yoast.com\/product\/yoast-seo-wordpress\/ -->\n<title>SERVE - Vendas e Entregas - EVOTI Sistemas<\/title>\n<meta name=\"robots\" content=\"index, follow, max-snippet:-1, max-image-preview:large, max-video-preview:-1\" \/>\n<link rel=\"canonical\" href=\"https:\/\/www.evoti.com.br\/news\/serve-2\/\" \/>\n<meta property=\"og:locale\" content=\"pt_BR\" \/>\n<meta property=\"og:type\" content=\"article\" \/>\n<meta property=\"og:title\" content=\"SERVE - Vendas e Entregas - EVOTI Sistemas\" \/>\n<meta property=\"og:description\" content=\"Ent\u00e3o conhe\u00e7a o SERVE, sistema feito para o ramo de alimenta\u00e7\u00e3o com o intuito de facilitar e organizar o seu neg\u00f3cio! Capaz de fazer vendas, estoque, PDV, emitir SAT, controle de delivery e comandas. Ele te permite ter um controle\" \/>\n<meta property=\"og:url\" content=\"https:\/\/www.evoti.com.br\/news\/serve-2\/\" \/>\n<meta property=\"og:site_name\" content=\"EVOTI Sistemas\" \/>\n<meta property=\"article:publisher\" content=\"https:\/\/www.facebook.com\/evoti\" \/>\n<meta property=\"article:modified_time\" content=\"2020-04-23T20:04:35+00:00\" \/>\n<meta property=\"og:image\" content=\"https:\/\/www.evoti.com.br\/news\/wp-content\/uploads\/2019\/06\/OE60WU1-1024x814.png\" \/>\n<meta name=\"twitter:card\" content=\"summary_large_image\" \/>\n<meta name=\"twitter:label1\" content=\"Est. tempo de leitura\" \/>\n\t<meta name=\"twitter:data1\" content=\"2 minutos\" \/>\n<script type=\"application\/ld+json\" class=\"yoast-schema-graph\">{\"@context\":\"https:\/\/schema.org\",\"@graph\":[{\"@type\":\"WebPage\",\"@id\":\"https:\/\/www.evoti.com.br\/news\/serve-2\/\",\"url\":\"https:\/\/www.evoti.com.br\/news\/serve-2\/\",\"name\":\"SERVE - Vendas e Entregas - EVOTI Sistemas\",\"isPartOf\":{\"@id\":\"https:\/\/www.evoti.com.br\/news\/#website\"},\"primaryImageOfPage\":{\"@id\":\"https:\/\/www.evoti.com.br\/news\/serve-2\/#primaryimage\"},\"image\":{\"@id\":\"https:\/\/www.evoti.com.br\/news\/serve-2\/#primaryimage\"},\"thumbnailUrl\":\"https:\/\/www.evoti.com.br\/news\/wp-content\/uploads\/2019\/06\/OE60WU1-1024x814.png\",\"datePublished\":\"2019-05-06T20:11:05+00:00\",\"dateModified\":\"2020-04-23T20:04:35+00:00\",\"breadcrumb\":{\"@id\":\"https:\/\/www.evoti.com.br\/news\/serve-2\/#breadcrumb\"},\"inLanguage\":\"pt-BR\",\"potentialAction\":[{\"@type\":\"ReadAction\",\"target\":[\"https:\/\/www.evoti.com.br\/news\/serve-2\/\"]}]},{\"@type\":\"ImageObject\",\"inLanguage\":\"pt-BR\",\"@id\":\"https:\/\/www.evoti.com.br\/news\/serve-2\/#primaryimage\",\"url\":\"https:\/\/www.evoti.com.br\/news\/wp-content\/uploads\/2019\/06\/OE60WU1.png\",\"contentUrl\":\"https:\/\/www.evoti.com.br\/news\/wp-content\/uploads\/2019\/06\/OE60WU1.png\",\"width\":1607,\"height\":1277},{\"@type\":\"BreadcrumbList\",\"@id\":\"https:\/\/www.evoti.com.br\/news\/serve-2\/#breadcrumb\",\"itemListElement\":[{\"@type\":\"ListItem\",\"position\":1,\"name\":\"In\u00edcio\",\"item\":\"https:\/\/www.evoti.com.br\/news\/\"},{\"@type\":\"ListItem\",\"position\":2,\"name\":\"SERVE &#8211; Vendas e Entregas\"}]},{\"@type\":\"WebSite\",\"@id\":\"https:\/\/www.evoti.com.br\/news\/#website\",\"url\":\"https:\/\/www.evoti.com.br\/news\/\",\"name\":\"EVOTI Sistemas\",\"description\":\"Sistema para gerenciamento de com\u00e9rcios em geral, empresas de alimenta\u00e7\u00e3o (restaurante, pizzaria, lanchonete) com emiss\u00e3o Fiscal (SAT, NF-e, MDF-e), Financeiro, estoque, vendas e muito mais. Estamos localizados em Ol\u00edmpia e atendemos a todo territ\u00f3rio nacional. Oferecemos servi\u00e7os de Tecnologia da Informa\u00e7\u00e3o com agilidade e comprometimento, agregando valor e inova\u00e7\u00e3o ao neg\u00f3cio de nossos clientes, respeitando a sociedade e o meio ambiente.\",\"publisher\":{\"@id\":\"https:\/\/www.evoti.com.br\/news\/#organization\"},\"potentialAction\":[{\"@type\":\"SearchAction\",\"target\":{\"@type\":\"EntryPoint\",\"urlTemplate\":\"https:\/\/www.evoti.com.br\/news\/?s={search_term_string}\"},\"query-input\":{\"@type\":\"PropertyValueSpecification\",\"valueRequired\":true,\"valueName\":\"search_term_string\"}}],\"inLanguage\":\"pt-BR\"},{\"@type\":\"Organization\",\"@id\":\"https:\/\/www.evoti.com.br\/news\/#organization\",\"name\":\"EVO - Tecnologia da Informa\u00e7\u00e3o\",\"url\":\"https:\/\/www.evoti.com.br\/news\/\",\"logo\":{\"@type\":\"ImageObject\",\"inLanguage\":\"pt-BR\",\"@id\":\"https:\/\/www.evoti.com.br\/news\/#\/schema\/logo\/image\/\",\"url\":\"https:\/\/www.evoti.com.br\/news\/wp-content\/uploads\/2019\/05\/logo_evo_150-1.png\",\"contentUrl\":\"https:\/\/www.evoti.com.br\/news\/wp-content\/uploads\/2019\/05\/logo_evo_150-1.png\",\"width\":150,\"height\":150,\"caption\":\"EVO - Tecnologia da Informa\u00e7\u00e3o\"},\"image\":{\"@id\":\"https:\/\/www.evoti.com.br\/news\/#\/schema\/logo\/image\/\"},\"sameAs\":[\"https:\/\/www.facebook.com\/evoti\",\"http:\/\/instragram.com\/evotiolimpia\"]}]}<\/script>\n<!-- \/ Yoast SEO plugin. -->","yoast_head_json":{"title":"SERVE - Vendas e Entregas - EVOTI Sistemas","robots":{"index":"index","follow":"follow","max-snippet":"max-snippet:-1","max-image-preview":"max-image-preview:large","max-video-preview":"max-video-preview:-1"},"canonical":"https:\/\/www.evoti.com.br\/news\/serve-2\/","og_locale":"pt_BR","og_type":"article","og_title":"SERVE - Vendas e Entregas - EVOTI Sistemas","og_description":"Ent\u00e3o conhe\u00e7a o SERVE, sistema feito para o ramo de alimenta\u00e7\u00e3o com o intuito de facilitar e organizar o seu neg\u00f3cio! Capaz de fazer vendas, estoque, PDV, emitir SAT, controle de delivery e comandas. Ele te permite ter um controle","og_url":"https:\/\/www.evoti.com.br\/news\/serve-2\/","og_site_name":"EVOTI Sistemas","article_publisher":"https:\/\/www.facebook.com\/evoti","article_modified_time":"2020-04-23T20:04:35+00:00","og_image":[{"url":"https:\/\/www.evoti.com.br\/news\/wp-content\/uploads\/2019\/06\/OE60WU1-1024x814.png","type":"","width":"","height":""}],"twitter_card":"summary_large_image","twitter_misc":{"Est. tempo de leitura":"2 minutos"},"schema":{"@context":"https:\/\/schema.org","@graph":[{"@type":"WebPage","@id":"https:\/\/www.evoti.com.br\/news\/serve-2\/","url":"https:\/\/www.evoti.com.br\/news\/serve-2\/","name":"SERVE - Vendas e Entregas - EVOTI Sistemas","isPartOf":{"@id":"https:\/\/www.evoti.com.br\/news\/#website"},"primaryImageOfPage":{"@id":"https:\/\/www.evoti.com.br\/news\/serve-2\/#primaryimage"},"image":{"@id":"https:\/\/www.evoti.com.br\/news\/serve-2\/#primaryimage"},"thumbnailUrl":"https:\/\/www.evoti.com.br\/news\/wp-content\/uploads\/2019\/06\/OE60WU1-1024x814.png","datePublished":"2019-05-06T20:11:05+00:00","dateModified":"2020-04-23T20:04:35+00:00","breadcrumb":{"@id":"https:\/\/www.evoti.com.br\/news\/serve-2\/#breadcrumb"},"inLanguage":"pt-BR","potentialAction":[{"@type":"ReadAction","target":["https:\/\/www.evoti.com.br\/news\/serve-2\/"]}]},{"@type":"ImageObject","inLanguage":"pt-BR","@id":"https:\/\/www.evoti.com.br\/news\/serve-2\/#primaryimage","url":"https:\/\/www.evoti.com.br\/news\/wp-content\/uploads\/2019\/06\/OE60WU1.png","contentUrl":"https:\/\/www.evoti.com.br\/news\/wp-content\/uploads\/2019\/06\/OE60WU1.png","width":1607,"height":1277},{"@type":"BreadcrumbList","@id":"https:\/\/www.evoti.com.br\/news\/serve-2\/#breadcrumb","itemListElement":[{"@type":"ListItem","position":1,"name":"In\u00edcio","item":"https:\/\/www.evoti.com.br\/news\/"},{"@type":"ListItem","position":2,"name":"SERVE &#8211; Vendas e Entregas"}]},{"@type":"WebSite","@id":"https:\/\/www.evoti.com.br\/news\/#website","url":"https:\/\/www.evoti.com.br\/news\/","name":"EVOTI Sistemas","description":"Sistema para gerenciamento de com\u00e9rcios em geral, empresas de alimenta\u00e7\u00e3o (restaurante, pizzaria, lanchonete) com emiss\u00e3o Fiscal (SAT, NF-e, MDF-e), Financeiro, estoque, vendas e muito mais. Estamos localizados em Ol\u00edmpia e atendemos a todo territ\u00f3rio nacional. Oferecemos servi\u00e7os de Tecnologia da Informa\u00e7\u00e3o com agilidade e comprometimento, agregando valor e inova\u00e7\u00e3o ao neg\u00f3cio de nossos clientes, respeitando a sociedade e o meio ambiente.","publisher":{"@id":"https:\/\/www.evoti.com.br\/news\/#organization"},"potentialAction":[{"@type":"SearchAction","target":{"@type":"EntryPoint","urlTemplate":"https:\/\/www.evoti.com.br\/news\/?s={search_term_string}"},"query-input":{"@type":"PropertyValueSpecification","valueRequired":true,"valueName":"search_term_string"}}],"inLanguage":"pt-BR"},{"@type":"Organization","@id":"https:\/\/www.evoti.com.br\/news\/#organization","name":"EVO - Tecnologia da Informa\u00e7\u00e3o","url":"https:\/\/www.evoti.com.br\/news\/","logo":{"@type":"ImageObject","inLanguage":"pt-BR","@id":"https:\/\/www.evoti.com.br\/news\/#\/schema\/logo\/image\/","url":"https:\/\/www.evoti.com.br\/news\/wp-content\/uploads\/2019\/05\/logo_evo_150-1.png","contentUrl":"https:\/\/www.evoti.com.br\/news\/wp-content\/uploads\/2019\/05\/logo_evo_150-1.png","width":150,"height":150,"caption":"EVO - Tecnologia da Informa\u00e7\u00e3o"},"image":{"@id":"https:\/\/www.evoti.com.br\/news\/#\/schema\/logo\/image\/"},"sameAs":["https:\/\/www.facebook.com\/evoti","http:\/\/instragram.com\/evotiolimpia"]}]}},"_links":{"self":[{"href":"https:\/\/www.evoti.com.br\/news\/wp-json\/wp\/v2\/pages\/469","targetHints":{"allow":["GET"]}}],"collection":[{"href":"https:\/\/www.evoti.com.br\/news\/wp-json\/wp\/v2\/pages"}],"about":[{"href":"https:\/\/www.evoti.com.br\/news\/wp-json\/wp\/v2\/types\/page"}],"author":[{"embeddable":true,"href":"https:\/\/www.evoti.com.br\/news\/wp-json\/wp\/v2\/users\/1"}],"replies":[{"embeddable":true,"href":"https:\/\/www.evoti.com.br\/news\/wp-json\/wp\/v2\/comments?post=469"}],"version-history":[{"count":81,"href":"https:\/\/www.evoti.com.br\/news\/wp-json\/wp\/v2\/pages\/469\/revisions"}],"predecessor-version":[{"id":10704,"href":"https:\/\/www.evoti.com.br\/news\/wp-json\/wp\/v2\/pages\/469\/revisions\/10704"}],"wp:attachment":[{"href":"https:\/\/www.evoti.com.br\/news\/wp-json\/wp\/v2\/media?parent=469"}],"curies":[{"name":"wp","href":"https:\/\/api.w.org\/{rel}","templated":true}]}}