{"id":466,"date":"2019-05-06T17:08:47","date_gmt":"2019-05-06T20:08:47","guid":{"rendered":"https:\/\/www.evoti.com.br\/news\/?page_id=466"},"modified":"2025-01-09T13:41:13","modified_gmt":"2025-01-09T16:41:13","slug":"evocom-2","status":"publish","type":"page","link":"https:\/\/www.evoti.com.br\/news\/evocom-2\/","title":{"rendered":"EVOCOM &#8211; Sistema para com\u00e9rcio EVO"},"content":{"rendered":"\n<div class=\"wp-block-cover aligncenter is-light has-parallax img-fluid\"><span aria-hidden=\"true\" class=\"wp-block-cover__background has-background-dim\" style=\"background-color:#a501a0\"><\/span><div class=\"wp-block-cover__image-background wp-image-1488 has-parallax\" style=\"background-position:50% 50%;background-image:url(https:\/\/www.evoti.com.br\/news\/wp-content\/uploads\/2019\/07\/kelly-sikkema-xoU52jUVUXA-unsplash.jpg)\"><\/div><div class=\"wp-block-cover__inner-container is-layout-flow wp-block-cover-is-layout-flow\">\n<p class=\"has-text-align-center has-large-font-size\"><\/p>\n<\/div><\/div>\n\n\n\n<p class=\"has-text-align-center\">Apresentamos o mais novo sistema da nossa rede. Ele \u00e9 desenvolvido para atender todas as necessidades da sua empresa, seja seu neg\u00f3cio uma loja de roupas, eletr\u00f4nicos, presta\u00e7\u00e3o de servi\u00e7o, conveni\u00eancia e muitos outros tipos de com\u00e9rcio.<\/p>\n\n\n\n<p class=\"has-text-align-center\">Pare de ter dor de cabe\u00e7a com coisas como controle de estoque, emiss\u00e3o de nota fiscal, cupom fiscal\/SAT. Deixe tudo com nosso sistema.<\/p>\n\n\n\n<div style=\"height:46px\" aria-hidden=\"true\" class=\"wp-block-spacer\"><\/div>\n\n\n\n<div class=\"wp-block-button\"><a class=\"wp-block-button__link has-background wp-element-button\" href=\"https:\/\/www.evoti.com.br\/news\/contato\/\" style=\"background-color:#a501a0\">Quero facilitar meus neg\u00f3cios<\/a><\/div>\n\n\n\n<div style=\"height:46px\" aria-hidden=\"true\" class=\"wp-block-spacer\"><\/div>\n\n\n\n<h3 class=\"wp-block-heading\" style=\"text-align: center\">Estoque tamb\u00e9m \u00e9 dinheiro!<\/h3>\n\n\n\n<p class=\"has-text-align-center\"> O estoque est\u00e1 ligado ao desenvolvimento de seu neg\u00f3cio e \u00e9 boa parte do capital que voc\u00ea precisou investir em sua empresa. Desta forma, se seu estoque est\u00e1 parado, seu dinheiro tamb\u00e9m est\u00e1. Por isso, \u00e9 preciso acompanhar os produtos em estoque, para que comercialize todos e n\u00e3o deixe nada parado em seus espa\u00e7os f\u00edsicos de armazenamento, te trazendo preju\u00edzo. <\/p>\n\n\n\n<div style=\"height:46px\" aria-hidden=\"true\" class=\"wp-block-spacer\"><\/div>\n\n\n\n<h3 class=\"wp-block-heading\" style=\"text-align: center\">Conhe\u00e7a as vantagens de usar o EVOCOM<\/h3>\n\n\n\n<p class=\"has-text-align-center\">Com nosso sistema voc\u00ea ter\u00e1 controle de todo o seu processo. Veja algumas vantagens de trabalhar com nosso sistema:<\/p>\n\n\n\n<ul style=\"text-align: center; list-style-position: inside; padding-left: 0px\"><li>Emiss\u00e3o de Cupom Fiscal Eletr\u00f4nica (SAT-CFe).<\/li><li>Relat\u00f3rio de produtos mais vendidos no turno<\/li><li>Contas a pagar e a receber<\/li><li>Livro caixa<\/li><li>Lucro presumido<\/li><li>Centro de custos<\/li><li>Controle de estoque<\/li><li>Emiss\u00e3o de Nota Fiscal Eletr\u00f4nica &#8211; NFe<\/li><li>E muito mais<\/li><\/ul>\n\n\n\n<div style=\"height:46px\" aria-hidden=\"true\" class=\"wp-block-spacer\"><\/div>\n\n\n\n<div class=\"wp-block-button\"><a class=\"wp-block-button__link has-background wp-element-button\" href=\"https:\/\/www.evoti.com.br\/news\/contato\/\" style=\"background-color:#a501a0\">Solicitar or\u00e7amento<\/a><\/div>\n\n\n\n<div style=\"height:46px\" aria-hidden=\"true\" class=\"wp-block-spacer\"><\/div>\n\n\n\n<h3 class=\"wp-block-heading\" style=\"text-align:center\">Controle financeiro<\/h3>\n\n\n\n<p class=\"has-text-align-center\"> Sua rotina seria muito mais f\u00e1cil se o estoque e o financeiro fossem atualizados ap\u00f3s uma venda, n\u00e3o \u00e9 mesmo? Com o sistema de controle de estoque EVOCOM ao finalizar uma venda, em poucos cliques voc\u00ea atualiza o estoque e financeiro e otimiza seu tempo para fazer a gest\u00e3o de sua empresa com mais efici\u00eancia. <\/p>\n\n\n\n<p class=\"has-text-align-center\">Fazer o controle de estoque \u00e9 muito pr\u00e1tico e seguro com o EVOCOM confira neste v\u00eddeo todas as facilidades de gera\u00e7\u00e3o de arquivos fiscais, cadastro de produtos e fornecedores, veja tamb\u00e9m como fazer o controle de caixa e emiss\u00e3o de cupons fiscais em poucos cliques.<\/p>\n\n\n\n<div style=\"height:46px\" aria-hidden=\"true\" class=\"wp-block-spacer\"><\/div>\n\n\n\n<figure class=\"wp-block-embed is-type-video is-provider-youtube wp-block-embed-youtube wp-embed-aspect-16-9 wp-has-aspect-ratio\"><div class=\"wp-block-embed__wrapper\">\n<iframe title=\"EVOCOM - Apresenta\u00e7\u00e3o do Sistema\" width=\"750\" height=\"422\" src=\"https:\/\/www.youtube.com\/embed\/Wd_7nTz2Br0?list=PLRAoTRt8oWe9Gf6lD1vxas8uZkJucng7r\" frameborder=\"0\" allow=\"accelerometer; autoplay; clipboard-write; encrypted-media; gyroscope; picture-in-picture; web-share\" referrerpolicy=\"strict-origin-when-cross-origin\" allowfullscreen><\/iframe>\n<\/div><figcaption class=\"wp-element-caption\">Veja uma apresenta\u00e7\u00e3o do nosso sistema<\/figcaption><\/figure>\n\n\n\n<div style=\"height:46px\" aria-hidden=\"true\" class=\"wp-block-spacer\"><\/div>\n\n\n\n<div class=\"wp-block-button\"><a class=\"wp-block-button__link has-background wp-element-button\" href=\"https:\/\/www.evoti.com.br\/news\/contato\/\" style=\"background-color:#a501a0\">Organizar meu estoque agora<\/a><\/div>\n","protected":false},"excerpt":{"rendered":"<p>Apresentamos o mais novo sistema da nossa rede. Ele \u00e9 desenvolvido para atender todas as necessidades da sua empresa, seja seu neg\u00f3cio uma loja de roupas, eletr\u00f4nicos, presta\u00e7\u00e3o de servi\u00e7o, conveni\u00eancia e muitos outros tipos de com\u00e9rcio. Pare de ter<\/p>\n","protected":false},"author":1,"featured_media":0,"parent":0,"menu_order":0,"comment_status":"open","ping_status":"closed","template":"","meta":{"_exactmetrics_skip_tracking":false,"_exactmetrics_sitenote_active":false,"_exactmetrics_sitenote_note":"","_exactmetrics_sitenote_category":0,"_joinchat":[],"footnotes":""},"class_list":["post-466","page","type-page","status-publish","hentry"],"yoast_head":"<!-- This site is optimized with the Yoast SEO plugin v26.9 - https:\/\/yoast.com\/product\/yoast-seo-wordpress\/ -->\n<title>EVOCOM - Sistema para com\u00e9rcio EVO - EVOTI Sistemas<\/title>\n<meta name=\"robots\" content=\"index, follow, max-snippet:-1, max-image-preview:large, max-video-preview:-1\" \/>\n<link rel=\"canonical\" href=\"https:\/\/www.evoti.com.br\/news\/evocom-2\/\" \/>\n<meta property=\"og:locale\" content=\"pt_BR\" \/>\n<meta property=\"og:type\" content=\"article\" \/>\n<meta property=\"og:title\" content=\"EVOCOM - Sistema para com\u00e9rcio EVO - EVOTI Sistemas\" \/>\n<meta property=\"og:description\" content=\"Apresentamos o mais novo sistema da nossa rede. Ele \u00e9 desenvolvido para atender todas as necessidades da sua empresa, seja seu neg\u00f3cio uma loja de roupas, eletr\u00f4nicos, presta\u00e7\u00e3o de servi\u00e7o, conveni\u00eancia e muitos outros tipos de com\u00e9rcio. Pare de ter\" \/>\n<meta property=\"og:url\" content=\"https:\/\/www.evoti.com.br\/news\/evocom-2\/\" \/>\n<meta property=\"og:site_name\" content=\"EVOTI Sistemas\" \/>\n<meta property=\"article:publisher\" content=\"https:\/\/www.facebook.com\/evoti\" \/>\n<meta property=\"article:modified_time\" content=\"2025-01-09T16:41:13+00:00\" \/>\n<meta name=\"twitter:card\" content=\"summary_large_image\" \/>\n<meta name=\"twitter:label1\" content=\"Est. tempo de leitura\" \/>\n\t<meta name=\"twitter:data1\" content=\"2 minutos\" \/>\n<script type=\"application\/ld+json\" class=\"yoast-schema-graph\">{\"@context\":\"https:\/\/schema.org\",\"@graph\":[{\"@type\":\"WebPage\",\"@id\":\"https:\/\/www.evoti.com.br\/news\/evocom-2\/\",\"url\":\"https:\/\/www.evoti.com.br\/news\/evocom-2\/\",\"name\":\"EVOCOM - Sistema para com\u00e9rcio EVO - EVOTI Sistemas\",\"isPartOf\":{\"@id\":\"https:\/\/www.evoti.com.br\/news\/#website\"},\"datePublished\":\"2019-05-06T20:08:47+00:00\",\"dateModified\":\"2025-01-09T16:41:13+00:00\",\"breadcrumb\":{\"@id\":\"https:\/\/www.evoti.com.br\/news\/evocom-2\/#breadcrumb\"},\"inLanguage\":\"pt-BR\",\"potentialAction\":[{\"@type\":\"ReadAction\",\"target\":[\"https:\/\/www.evoti.com.br\/news\/evocom-2\/\"]}]},{\"@type\":\"BreadcrumbList\",\"@id\":\"https:\/\/www.evoti.com.br\/news\/evocom-2\/#breadcrumb\",\"itemListElement\":[{\"@type\":\"ListItem\",\"position\":1,\"name\":\"In\u00edcio\",\"item\":\"https:\/\/www.evoti.com.br\/news\/\"},{\"@type\":\"ListItem\",\"position\":2,\"name\":\"EVOCOM &#8211; Sistema para com\u00e9rcio EVO\"}]},{\"@type\":\"WebSite\",\"@id\":\"https:\/\/www.evoti.com.br\/news\/#website\",\"url\":\"https:\/\/www.evoti.com.br\/news\/\",\"name\":\"EVOTI Sistemas\",\"description\":\"Sistema para gerenciamento de com\u00e9rcios em geral, empresas de alimenta\u00e7\u00e3o (restaurante, pizzaria, lanchonete) com emiss\u00e3o Fiscal (SAT, NF-e, MDF-e), Financeiro, estoque, vendas e muito mais. Estamos localizados em Ol\u00edmpia e atendemos a todo territ\u00f3rio nacional. Oferecemos servi\u00e7os de Tecnologia da Informa\u00e7\u00e3o com agilidade e comprometimento, agregando valor e inova\u00e7\u00e3o ao neg\u00f3cio de nossos clientes, respeitando a sociedade e o meio ambiente.\",\"publisher\":{\"@id\":\"https:\/\/www.evoti.com.br\/news\/#organization\"},\"potentialAction\":[{\"@type\":\"SearchAction\",\"target\":{\"@type\":\"EntryPoint\",\"urlTemplate\":\"https:\/\/www.evoti.com.br\/news\/?s={search_term_string}\"},\"query-input\":{\"@type\":\"PropertyValueSpecification\",\"valueRequired\":true,\"valueName\":\"search_term_string\"}}],\"inLanguage\":\"pt-BR\"},{\"@type\":\"Organization\",\"@id\":\"https:\/\/www.evoti.com.br\/news\/#organization\",\"name\":\"EVO - Tecnologia da Informa\u00e7\u00e3o\",\"url\":\"https:\/\/www.evoti.com.br\/news\/\",\"logo\":{\"@type\":\"ImageObject\",\"inLanguage\":\"pt-BR\",\"@id\":\"https:\/\/www.evoti.com.br\/news\/#\/schema\/logo\/image\/\",\"url\":\"https:\/\/www.evoti.com.br\/news\/wp-content\/uploads\/2019\/05\/logo_evo_150-1.png\",\"contentUrl\":\"https:\/\/www.evoti.com.br\/news\/wp-content\/uploads\/2019\/05\/logo_evo_150-1.png\",\"width\":150,\"height\":150,\"caption\":\"EVO - Tecnologia da Informa\u00e7\u00e3o\"},\"image\":{\"@id\":\"https:\/\/www.evoti.com.br\/news\/#\/schema\/logo\/image\/\"},\"sameAs\":[\"https:\/\/www.facebook.com\/evoti\",\"http:\/\/instragram.com\/evotiolimpia\"]}]}<\/script>\n<!-- \/ Yoast SEO plugin. -->","yoast_head_json":{"title":"EVOCOM - Sistema para com\u00e9rcio EVO - EVOTI Sistemas","robots":{"index":"index","follow":"follow","max-snippet":"max-snippet:-1","max-image-preview":"max-image-preview:large","max-video-preview":"max-video-preview:-1"},"canonical":"https:\/\/www.evoti.com.br\/news\/evocom-2\/","og_locale":"pt_BR","og_type":"article","og_title":"EVOCOM - Sistema para com\u00e9rcio EVO - EVOTI Sistemas","og_description":"Apresentamos o mais novo sistema da nossa rede. Ele \u00e9 desenvolvido para atender todas as necessidades da sua empresa, seja seu neg\u00f3cio uma loja de roupas, eletr\u00f4nicos, presta\u00e7\u00e3o de servi\u00e7o, conveni\u00eancia e muitos outros tipos de com\u00e9rcio. Pare de ter","og_url":"https:\/\/www.evoti.com.br\/news\/evocom-2\/","og_site_name":"EVOTI Sistemas","article_publisher":"https:\/\/www.facebook.com\/evoti","article_modified_time":"2025-01-09T16:41:13+00:00","twitter_card":"summary_large_image","twitter_misc":{"Est. tempo de leitura":"2 minutos"},"schema":{"@context":"https:\/\/schema.org","@graph":[{"@type":"WebPage","@id":"https:\/\/www.evoti.com.br\/news\/evocom-2\/","url":"https:\/\/www.evoti.com.br\/news\/evocom-2\/","name":"EVOCOM - Sistema para com\u00e9rcio EVO - EVOTI Sistemas","isPartOf":{"@id":"https:\/\/www.evoti.com.br\/news\/#website"},"datePublished":"2019-05-06T20:08:47+00:00","dateModified":"2025-01-09T16:41:13+00:00","breadcrumb":{"@id":"https:\/\/www.evoti.com.br\/news\/evocom-2\/#breadcrumb"},"inLanguage":"pt-BR","potentialAction":[{"@type":"ReadAction","target":["https:\/\/www.evoti.com.br\/news\/evocom-2\/"]}]},{"@type":"BreadcrumbList","@id":"https:\/\/www.evoti.com.br\/news\/evocom-2\/#breadcrumb","itemListElement":[{"@type":"ListItem","position":1,"name":"In\u00edcio","item":"https:\/\/www.evoti.com.br\/news\/"},{"@type":"ListItem","position":2,"name":"EVOCOM &#8211; Sistema para com\u00e9rcio EVO"}]},{"@type":"WebSite","@id":"https:\/\/www.evoti.com.br\/news\/#website","url":"https:\/\/www.evoti.com.br\/news\/","name":"EVOTI Sistemas","description":"Sistema para gerenciamento de com\u00e9rcios em geral, empresas de alimenta\u00e7\u00e3o (restaurante, pizzaria, lanchonete) com emiss\u00e3o Fiscal (SAT, NF-e, MDF-e), Financeiro, estoque, vendas e muito mais. Estamos localizados em Ol\u00edmpia e atendemos a todo territ\u00f3rio nacional. Oferecemos servi\u00e7os de Tecnologia da Informa\u00e7\u00e3o com agilidade e comprometimento, agregando valor e inova\u00e7\u00e3o ao neg\u00f3cio de nossos clientes, respeitando a sociedade e o meio ambiente.","publisher":{"@id":"https:\/\/www.evoti.com.br\/news\/#organization"},"potentialAction":[{"@type":"SearchAction","target":{"@type":"EntryPoint","urlTemplate":"https:\/\/www.evoti.com.br\/news\/?s={search_term_string}"},"query-input":{"@type":"PropertyValueSpecification","valueRequired":true,"valueName":"search_term_string"}}],"inLanguage":"pt-BR"},{"@type":"Organization","@id":"https:\/\/www.evoti.com.br\/news\/#organization","name":"EVO - Tecnologia da Informa\u00e7\u00e3o","url":"https:\/\/www.evoti.com.br\/news\/","logo":{"@type":"ImageObject","inLanguage":"pt-BR","@id":"https:\/\/www.evoti.com.br\/news\/#\/schema\/logo\/image\/","url":"https:\/\/www.evoti.com.br\/news\/wp-content\/uploads\/2019\/05\/logo_evo_150-1.png","contentUrl":"https:\/\/www.evoti.com.br\/news\/wp-content\/uploads\/2019\/05\/logo_evo_150-1.png","width":150,"height":150,"caption":"EVO - Tecnologia da Informa\u00e7\u00e3o"},"image":{"@id":"https:\/\/www.evoti.com.br\/news\/#\/schema\/logo\/image\/"},"sameAs":["https:\/\/www.facebook.com\/evoti","http:\/\/instragram.com\/evotiolimpia"]}]}},"_links":{"self":[{"href":"https:\/\/www.evoti.com.br\/news\/wp-json\/wp\/v2\/pages\/466","targetHints":{"allow":["GET"]}}],"collection":[{"href":"https:\/\/www.evoti.com.br\/news\/wp-json\/wp\/v2\/pages"}],"about":[{"href":"https:\/\/www.evoti.com.br\/news\/wp-json\/wp\/v2\/types\/page"}],"author":[{"embeddable":true,"href":"https:\/\/www.evoti.com.br\/news\/wp-json\/wp\/v2\/users\/1"}],"replies":[{"embeddable":true,"href":"https:\/\/www.evoti.com.br\/news\/wp-json\/wp\/v2\/comments?post=466"}],"version-history":[{"count":39,"href":"https:\/\/www.evoti.com.br\/news\/wp-json\/wp\/v2\/pages\/466\/revisions"}],"predecessor-version":[{"id":11070,"href":"https:\/\/www.evoti.com.br\/news\/wp-json\/wp\/v2\/pages\/466\/revisions\/11070"}],"wp:attachment":[{"href":"https:\/\/www.evoti.com.br\/news\/wp-json\/wp\/v2\/media?parent=466"}],"curies":[{"name":"wp","href":"https:\/\/api.w.org\/{rel}","templated":true}]}}