{"id":395,"date":"2019-05-06T12:54:05","date_gmt":"2019-05-06T15:54:05","guid":{"rendered":"https:\/\/www.evoti.com.br\/news\/?page_id=395"},"modified":"2025-07-17T16:27:49","modified_gmt":"2025-07-17T19:27:49","slug":"downloads","status":"publish","type":"page","link":"https:\/\/www.evoti.com.br\/news\/downloads\/","title":{"rendered":"Downloads"},"content":{"rendered":"\t\t<div data-elementor-type=\"wp-page\" data-elementor-id=\"395\" class=\"elementor elementor-395\">\n\t\t\t\t\t\t<section class=\"elementor-section elementor-top-section elementor-element elementor-element-1ebde66 elementor-section-boxed elementor-section-height-default elementor-section-height-default\" data-id=\"1ebde66\" data-element_type=\"section\" data-e-type=\"section\">\n\t\t\t\t\t\t<div class=\"elementor-container elementor-column-gap-default\">\n\t\t\t\t\t<div class=\"elementor-column elementor-col-100 elementor-top-column elementor-element elementor-element-b85dba8\" data-id=\"b85dba8\" data-element_type=\"column\" data-e-type=\"column\">\n\t\t\t<div class=\"elementor-widget-wrap elementor-element-populated\">\n\t\t\t\t\t\t<div class=\"elementor-element elementor-element-aca9979 elementor-widget elementor-widget-text-editor\" data-id=\"aca9979\" data-element_type=\"widget\" data-e-type=\"widget\" data-widget_type=\"text-editor.default\">\n\t\t\t\t<div class=\"elementor-widget-container\">\n\t\t\t\t\t\t\t\t\t<figure class=\"wp-block-table is-style-stripes\">\n<h2 style=\"text-align: left;\">Sistemas<\/h2>\n<table>\n<tbody>\n<tr>\n<td><strong>Sistema<\/strong><\/td>\n<td><strong>Descri\u00e7\u00e3o<\/strong><\/td>\n<td><strong>Download<\/strong><\/td>\n<\/tr>\n<tr>\n<td>Instalador<\/td>\n<td>Instalador completo para os sistemas EVOCOM e SERVE<\/td>\n<td><a href=\"https:\/\/evotisistemas.com.br\/requisitos\/evoinstaller\/\">Ir<\/a><\/td>\n<\/tr>\n<tr>\n<td>EVOCOM<\/td>\n<td>Sistema para com\u00e9rcio<\/td>\n<td><a href=\"https:\/\/evotisistemas.com.br\/sistemas\/evocom\/\">Ir<\/a><\/td>\n<\/tr>\n<tr>\n<td>SERVE<\/td>\n<td>Sistema para controle de pedidos e entregas<\/td>\n<td><a href=\"https:\/\/evotisistemas.com.br\/sistemas\/serve\/\">Ir<\/a><\/td>\n<\/tr>\n<\/tbody>\n<\/table>\n<\/figure>\t\t\t\t\t\t\t\t<\/div>\n\t\t\t\t<\/div>\n\t\t\t\t\t<\/div>\n\t\t<\/div>\n\t\t\t\t\t<\/div>\n\t\t<\/section>\n\t\t\t\t<section class=\"elementor-section elementor-top-section elementor-element elementor-element-c2d5f6a elementor-section-boxed elementor-section-height-default elementor-section-height-default\" data-id=\"c2d5f6a\" data-element_type=\"section\" data-e-type=\"section\">\n\t\t\t\t\t\t<div class=\"elementor-container elementor-column-gap-default\">\n\t\t\t\t\t<div class=\"elementor-column elementor-col-100 elementor-top-column elementor-element elementor-element-ea91b10\" data-id=\"ea91b10\" data-element_type=\"column\" data-e-type=\"column\">\n\t\t\t<div class=\"elementor-widget-wrap elementor-element-populated\">\n\t\t\t\t\t\t<div class=\"elementor-element elementor-element-6e4f89d elementor-widget elementor-widget-text-editor\" data-id=\"6e4f89d\" data-element_type=\"widget\" data-e-type=\"widget\" data-widget_type=\"text-editor.default\">\n\t\t\t\t<div class=\"elementor-widget-container\">\n\t\t\t\t\t\t\t\t\t<h2>Sistemas mobile<\/h2><figure class=\"wp-block-table is-style-stripes\"><table><tbody><tr><td><strong>Sistema<\/strong><\/td><td><strong>Descri\u00e7\u00e3o<\/strong><\/td><td><strong>Android<\/strong><\/td><td><strong>iOS<\/strong><\/td><\/tr><tr><td>EVOCOM MOBILE<\/td><td>Software para suporte Remoto<\/td><td><a href=\"https:\/\/play.google.com\/store\/apps\/details?id=com.evoti.evocom\">Ir<\/a><\/td><td>\u00a0<\/td><\/tr><tr><td>SERVE MOBILE<\/td><td>Sistema mobile para pedidos em mesas\/comandas<\/td><td><a href=\"https:\/\/play.google.com\/store\/apps\/details?id=br.evoti.serve\">Ir<\/a><\/td><td>\u00a0<\/td><\/tr><tr><td>EVODASH MOBILE<\/td><td>Dashboard para acompanhamento da empresa em tempo real<\/td><td><a href=\"https:\/\/play.google.com\/store\/apps\/details?id=com.evoti.evocom\">Ir<\/a><\/td><td><a href=\"https:\/\/apps.apple.com\/us\/app\/evodash-mobile\/id1663538855\">Ir<\/a><\/td><\/tr><\/tbody><\/table><\/figure>\t\t\t\t\t\t\t\t<\/div>\n\t\t\t\t<\/div>\n\t\t\t\t\t<\/div>\n\t\t<\/div>\n\t\t\t\t\t<\/div>\n\t\t<\/section>\n\t\t\t\t<section class=\"elementor-section elementor-top-section elementor-element elementor-element-a13285f elementor-section-boxed elementor-section-height-default elementor-section-height-default\" data-id=\"a13285f\" data-element_type=\"section\" data-e-type=\"section\">\n\t\t\t\t\t\t<div class=\"elementor-container elementor-column-gap-default\">\n\t\t\t\t\t<div class=\"elementor-column elementor-col-100 elementor-top-column elementor-element elementor-element-22d1f7d\" data-id=\"22d1f7d\" data-element_type=\"column\" data-e-type=\"column\">\n\t\t\t<div class=\"elementor-widget-wrap elementor-element-populated\">\n\t\t\t\t\t\t<div class=\"elementor-element elementor-element-698e5d8 elementor-widget elementor-widget-text-editor\" data-id=\"698e5d8\" data-element_type=\"widget\" data-e-type=\"widget\" data-widget_type=\"text-editor.default\">\n\t\t\t\t<div class=\"elementor-widget-container\">\n\t\t\t\t\t\t\t\t\t<h2>Suporte remoto<\/h2>\n<figure class=\"wp-block-table is-style-stripes\">\n<table>\n<tbody>\n<tr>\n<td><strong>Sistema<\/strong><\/td>\n<td><strong>Descri\u00e7\u00e3o<\/strong><\/td>\n<td><strong>Download<\/strong><\/td>\n<\/tr>\n<tr>\n<td>AnyDesk<\/td>\n<td>Software que permite o acesso remoto ao seu computador para o suporte<\/td>\n<td><a href=\"https:\/\/evotisistemas.com.br\/requisitos\/anydesk\/AnyDesk.exe\">Ir<\/a><\/td>\n<\/tr>\n<\/tbody>\n<\/table>\n<\/figure>\t\t\t\t\t\t\t\t<\/div>\n\t\t\t\t<\/div>\n\t\t\t\t\t<\/div>\n\t\t<\/div>\n\t\t\t\t\t<\/div>\n\t\t<\/section>\n\t\t\t\t<section class=\"elementor-section elementor-top-section elementor-element elementor-element-37809ff9 elementor-section-boxed elementor-section-height-default elementor-section-height-default\" data-id=\"37809ff9\" data-element_type=\"section\" data-e-type=\"section\">\n\t\t\t\t\t\t<div class=\"elementor-container elementor-column-gap-default\">\n\t\t\t\t\t<div class=\"elementor-column elementor-col-100 elementor-top-column elementor-element elementor-element-76388924\" data-id=\"76388924\" data-element_type=\"column\" data-e-type=\"column\">\n\t\t\t<div class=\"elementor-widget-wrap elementor-element-populated\">\n\t\t\t\t\t\t<div class=\"elementor-element elementor-element-a0c68bc elementor-widget elementor-widget-text-editor\" data-id=\"a0c68bc\" data-element_type=\"widget\" data-e-type=\"widget\" data-widget_type=\"text-editor.default\">\n\t\t\t\t<div class=\"elementor-widget-container\">\n\t\t\t\t\t\t\t\t\t<h2>Downloads adicionais<\/h2>\n<figure class=\"wp-block-table is-style-stripes\">\n<table>\n<tbody>\n<tr>\n<td><strong>Programa<\/strong><\/td>\n<td><strong>Descri\u00e7\u00e3o<\/strong><\/td>\n<td><strong>Download<\/strong><\/td>\n<\/tr>\n<tr>\n<td>MySQL<\/td>\n<td>Servidor MySQL + Workbench 6.2<\/td>\n<td><a href=\"https:\/\/evotisistemas.com.br\/requisitos\/workbench6\/mysql-installer-community-5.6.22.0.msi\">Ir<\/a><\/td>\n<\/tr>\n<tr>\n<td>CR Reports<\/td>\n<td>Sistemas x86<\/td>\n<td><a href=\"https:\/\/evotisistemas.com.br\/requisitos\/crystalruntime\/CRRuntime_32bit_13_0_34.msi\">Ir<\/a><\/td>\n<\/tr>\n<tr>\n<td>CR Reports<\/td>\n<td>Sistemas x64<\/td>\n<td><a href=\"https:\/\/evotisistemas.com.br\/requisitos\/crystalruntime\/CRRuntime_64bit_13_0_34.msi\">Ir<\/a><\/td>\n<\/tr>\n<tr>\n<td>UniNFE<\/td>\n<td>Emissor NFe Vers\u00e3o 5<\/td>\n<td><a href=\"https:\/\/evotisistemas.com.br\/requisitos\/uninfe\/iuninfe5_fw46_x86.exe\">Ir<\/a><\/td>\n<\/tr>\n<tr>\n<td>UniDANFE<\/td>\n<td>Visualizador de NFe<\/td>\n<td><a href=\"https:\/\/evotisistemas.com.br\/requisitos\/uninfe\/iunidanfe3.exe\">Ir<\/a><\/td>\n<\/tr>\n<tr>\n<td>CodeBar<\/td>\n<td>Fonte para c\u00f3digos de barra<\/td>\n<td><a href=\"https:\/\/evotisistemas.com.br\/requisitos\/codebar\/BarcodeFont_TrueType.zip\">Ir<\/a><\/td>\n<\/tr>\n<tr>\n<td>MGV 6<\/td>\n<td>Programa para balan\u00e7as Toledo<\/td>\n<td><a href=\"https:\/\/evotisistemas.com.br\/requisitos\/mgv6\/instalarmgv6.zip\">Ir<\/a><\/td>\n<\/tr>\n<tr>\n<td>Framework 4.8<\/td>\n<td>Pr\u00e9 requisito para instala\u00e7\u00e3o do sistema<\/td>\n<td><a href=\"https:\/\/evotisistemas.com.br\/requisitos\/framework48\/setup.exe\">Ir<\/a><\/td>\n<\/tr>\n<tr>\n<td>Atualiza\u00e7\u00e3o Windows 7<\/td>\n<td>Atualiza\u00e7\u00e3o para Windows 7 &#8211; Pr\u00e9 requisito para instalar Framework 4.8<\/td>\n<td><a href=\"https:\/\/evotisistemas.com.br\/requisitos\/prereqwin7\/windows6.1-kb4474419-v3-x64.msu\">Ir<\/a><\/td>\n<\/tr>\n<tr>\n<td>Driver Conversor USB\/Serial<\/td>\n<td>Driver para comunica\u00e7\u00e3o entre balan\u00e7a 3FIT e sistema<\/td>\n<td><a href=\"https:\/\/evotisistemas.com.br\/requisitos\/conversorusbserial\/CH34x_Install_Windows_v3_4.zip\">Ir<\/a><\/td>\n<\/tr>\n<\/tbody>\n<\/table>\n<\/figure>\t\t\t\t\t\t\t\t<\/div>\n\t\t\t\t<\/div>\n\t\t\t\t\t<\/div>\n\t\t<\/div>\n\t\t\t\t\t<\/div>\n\t\t<\/section>\n\t\t\t\t<\/div>\n\t\t","protected":false},"excerpt":{"rendered":"<p>Sistemas Sistema Descri\u00e7\u00e3o Download Instalador Instalador completo para os sistemas EVOCOM e SERVE Ir EVOCOM Sistema para com\u00e9rcio Ir SERVE Sistema para controle de pedidos e entregas Ir Sistemas mobile Sistema Descri\u00e7\u00e3o Android iOS EVOCOM MOBILE Software para suporte Remoto<\/p>\n","protected":false},"author":1,"featured_media":0,"parent":0,"menu_order":0,"comment_status":"closed","ping_status":"closed","template":"","meta":{"_exactmetrics_skip_tracking":false,"_exactmetrics_sitenote_active":false,"_exactmetrics_sitenote_note":"","_exactmetrics_sitenote_category":0,"_joinchat":[],"footnotes":""},"class_list":["post-395","page","type-page","status-publish","hentry"],"yoast_head":"<!-- This site is optimized with the Yoast SEO plugin v26.9 - https:\/\/yoast.com\/product\/yoast-seo-wordpress\/ -->\n<title>Downloads - EVOTI Sistemas<\/title>\n<meta name=\"robots\" content=\"index, follow, max-snippet:-1, max-image-preview:large, max-video-preview:-1\" \/>\n<link rel=\"canonical\" href=\"https:\/\/www.evoti.com.br\/news\/downloads\/\" \/>\n<meta property=\"og:locale\" content=\"pt_BR\" \/>\n<meta property=\"og:type\" content=\"article\" \/>\n<meta property=\"og:title\" content=\"Downloads - EVOTI Sistemas\" \/>\n<meta property=\"og:description\" content=\"Sistemas Sistema Descri\u00e7\u00e3o Download Instalador Instalador completo para os sistemas EVOCOM e SERVE Ir EVOCOM Sistema para com\u00e9rcio Ir SERVE Sistema para controle de pedidos e entregas Ir Sistemas mobile Sistema Descri\u00e7\u00e3o Android iOS EVOCOM MOBILE Software para suporte Remoto\" \/>\n<meta property=\"og:url\" content=\"https:\/\/www.evoti.com.br\/news\/downloads\/\" \/>\n<meta property=\"og:site_name\" content=\"EVOTI Sistemas\" \/>\n<meta property=\"article:publisher\" content=\"https:\/\/www.facebook.com\/evoti\" \/>\n<meta property=\"article:modified_time\" content=\"2025-07-17T19:27:49+00:00\" \/>\n<meta name=\"twitter:card\" content=\"summary_large_image\" \/>\n<meta name=\"twitter:label1\" content=\"Est. tempo de leitura\" \/>\n\t<meta name=\"twitter:data1\" content=\"1 minuto\" \/>\n<script type=\"application\/ld+json\" class=\"yoast-schema-graph\">{\"@context\":\"https:\/\/schema.org\",\"@graph\":[{\"@type\":\"WebPage\",\"@id\":\"https:\/\/www.evoti.com.br\/news\/downloads\/\",\"url\":\"https:\/\/www.evoti.com.br\/news\/downloads\/\",\"name\":\"Downloads - EVOTI Sistemas\",\"isPartOf\":{\"@id\":\"https:\/\/www.evoti.com.br\/news\/#website\"},\"datePublished\":\"2019-05-06T15:54:05+00:00\",\"dateModified\":\"2025-07-17T19:27:49+00:00\",\"breadcrumb\":{\"@id\":\"https:\/\/www.evoti.com.br\/news\/downloads\/#breadcrumb\"},\"inLanguage\":\"pt-BR\",\"potentialAction\":[{\"@type\":\"ReadAction\",\"target\":[\"https:\/\/www.evoti.com.br\/news\/downloads\/\"]}]},{\"@type\":\"BreadcrumbList\",\"@id\":\"https:\/\/www.evoti.com.br\/news\/downloads\/#breadcrumb\",\"itemListElement\":[{\"@type\":\"ListItem\",\"position\":1,\"name\":\"In\u00edcio\",\"item\":\"https:\/\/www.evoti.com.br\/news\/\"},{\"@type\":\"ListItem\",\"position\":2,\"name\":\"Downloads\"}]},{\"@type\":\"WebSite\",\"@id\":\"https:\/\/www.evoti.com.br\/news\/#website\",\"url\":\"https:\/\/www.evoti.com.br\/news\/\",\"name\":\"EVOTI Sistemas\",\"description\":\"Sistema para gerenciamento de com\u00e9rcios em geral, empresas de alimenta\u00e7\u00e3o (restaurante, pizzaria, lanchonete) com emiss\u00e3o Fiscal (SAT, NF-e, MDF-e), Financeiro, estoque, vendas e muito mais. Estamos localizados em Ol\u00edmpia e atendemos a todo territ\u00f3rio nacional. Oferecemos servi\u00e7os de Tecnologia da Informa\u00e7\u00e3o com agilidade e comprometimento, agregando valor e inova\u00e7\u00e3o ao neg\u00f3cio de nossos clientes, respeitando a sociedade e o meio ambiente.\",\"publisher\":{\"@id\":\"https:\/\/www.evoti.com.br\/news\/#organization\"},\"potentialAction\":[{\"@type\":\"SearchAction\",\"target\":{\"@type\":\"EntryPoint\",\"urlTemplate\":\"https:\/\/www.evoti.com.br\/news\/?s={search_term_string}\"},\"query-input\":{\"@type\":\"PropertyValueSpecification\",\"valueRequired\":true,\"valueName\":\"search_term_string\"}}],\"inLanguage\":\"pt-BR\"},{\"@type\":\"Organization\",\"@id\":\"https:\/\/www.evoti.com.br\/news\/#organization\",\"name\":\"EVO - Tecnologia da Informa\u00e7\u00e3o\",\"url\":\"https:\/\/www.evoti.com.br\/news\/\",\"logo\":{\"@type\":\"ImageObject\",\"inLanguage\":\"pt-BR\",\"@id\":\"https:\/\/www.evoti.com.br\/news\/#\/schema\/logo\/image\/\",\"url\":\"https:\/\/www.evoti.com.br\/news\/wp-content\/uploads\/2019\/05\/logo_evo_150-1.png\",\"contentUrl\":\"https:\/\/www.evoti.com.br\/news\/wp-content\/uploads\/2019\/05\/logo_evo_150-1.png\",\"width\":150,\"height\":150,\"caption\":\"EVO - Tecnologia da Informa\u00e7\u00e3o\"},\"image\":{\"@id\":\"https:\/\/www.evoti.com.br\/news\/#\/schema\/logo\/image\/\"},\"sameAs\":[\"https:\/\/www.facebook.com\/evoti\",\"http:\/\/instragram.com\/evotiolimpia\"]}]}<\/script>\n<!-- \/ Yoast SEO plugin. -->","yoast_head_json":{"title":"Downloads - EVOTI Sistemas","robots":{"index":"index","follow":"follow","max-snippet":"max-snippet:-1","max-image-preview":"max-image-preview:large","max-video-preview":"max-video-preview:-1"},"canonical":"https:\/\/www.evoti.com.br\/news\/downloads\/","og_locale":"pt_BR","og_type":"article","og_title":"Downloads - EVOTI Sistemas","og_description":"Sistemas Sistema Descri\u00e7\u00e3o Download Instalador Instalador completo para os sistemas EVOCOM e SERVE Ir EVOCOM Sistema para com\u00e9rcio Ir SERVE Sistema para controle de pedidos e entregas Ir Sistemas mobile Sistema Descri\u00e7\u00e3o Android iOS EVOCOM MOBILE Software para suporte Remoto","og_url":"https:\/\/www.evoti.com.br\/news\/downloads\/","og_site_name":"EVOTI Sistemas","article_publisher":"https:\/\/www.facebook.com\/evoti","article_modified_time":"2025-07-17T19:27:49+00:00","twitter_card":"summary_large_image","twitter_misc":{"Est. tempo de leitura":"1 minuto"},"schema":{"@context":"https:\/\/schema.org","@graph":[{"@type":"WebPage","@id":"https:\/\/www.evoti.com.br\/news\/downloads\/","url":"https:\/\/www.evoti.com.br\/news\/downloads\/","name":"Downloads - EVOTI Sistemas","isPartOf":{"@id":"https:\/\/www.evoti.com.br\/news\/#website"},"datePublished":"2019-05-06T15:54:05+00:00","dateModified":"2025-07-17T19:27:49+00:00","breadcrumb":{"@id":"https:\/\/www.evoti.com.br\/news\/downloads\/#breadcrumb"},"inLanguage":"pt-BR","potentialAction":[{"@type":"ReadAction","target":["https:\/\/www.evoti.com.br\/news\/downloads\/"]}]},{"@type":"BreadcrumbList","@id":"https:\/\/www.evoti.com.br\/news\/downloads\/#breadcrumb","itemListElement":[{"@type":"ListItem","position":1,"name":"In\u00edcio","item":"https:\/\/www.evoti.com.br\/news\/"},{"@type":"ListItem","position":2,"name":"Downloads"}]},{"@type":"WebSite","@id":"https:\/\/www.evoti.com.br\/news\/#website","url":"https:\/\/www.evoti.com.br\/news\/","name":"EVOTI Sistemas","description":"Sistema para gerenciamento de com\u00e9rcios em geral, empresas de alimenta\u00e7\u00e3o (restaurante, pizzaria, lanchonete) com emiss\u00e3o Fiscal (SAT, NF-e, MDF-e), Financeiro, estoque, vendas e muito mais. Estamos localizados em Ol\u00edmpia e atendemos a todo territ\u00f3rio nacional. Oferecemos servi\u00e7os de Tecnologia da Informa\u00e7\u00e3o com agilidade e comprometimento, agregando valor e inova\u00e7\u00e3o ao neg\u00f3cio de nossos clientes, respeitando a sociedade e o meio ambiente.","publisher":{"@id":"https:\/\/www.evoti.com.br\/news\/#organization"},"potentialAction":[{"@type":"SearchAction","target":{"@type":"EntryPoint","urlTemplate":"https:\/\/www.evoti.com.br\/news\/?s={search_term_string}"},"query-input":{"@type":"PropertyValueSpecification","valueRequired":true,"valueName":"search_term_string"}}],"inLanguage":"pt-BR"},{"@type":"Organization","@id":"https:\/\/www.evoti.com.br\/news\/#organization","name":"EVO - Tecnologia da Informa\u00e7\u00e3o","url":"https:\/\/www.evoti.com.br\/news\/","logo":{"@type":"ImageObject","inLanguage":"pt-BR","@id":"https:\/\/www.evoti.com.br\/news\/#\/schema\/logo\/image\/","url":"https:\/\/www.evoti.com.br\/news\/wp-content\/uploads\/2019\/05\/logo_evo_150-1.png","contentUrl":"https:\/\/www.evoti.com.br\/news\/wp-content\/uploads\/2019\/05\/logo_evo_150-1.png","width":150,"height":150,"caption":"EVO - Tecnologia da Informa\u00e7\u00e3o"},"image":{"@id":"https:\/\/www.evoti.com.br\/news\/#\/schema\/logo\/image\/"},"sameAs":["https:\/\/www.facebook.com\/evoti","http:\/\/instragram.com\/evotiolimpia"]}]}},"_links":{"self":[{"href":"https:\/\/www.evoti.com.br\/news\/wp-json\/wp\/v2\/pages\/395","targetHints":{"allow":["GET"]}}],"collection":[{"href":"https:\/\/www.evoti.com.br\/news\/wp-json\/wp\/v2\/pages"}],"about":[{"href":"https:\/\/www.evoti.com.br\/news\/wp-json\/wp\/v2\/types\/page"}],"author":[{"embeddable":true,"href":"https:\/\/www.evoti.com.br\/news\/wp-json\/wp\/v2\/users\/1"}],"replies":[{"embeddable":true,"href":"https:\/\/www.evoti.com.br\/news\/wp-json\/wp\/v2\/comments?post=395"}],"version-history":[{"count":58,"href":"https:\/\/www.evoti.com.br\/news\/wp-json\/wp\/v2\/pages\/395\/revisions"}],"predecessor-version":[{"id":11079,"href":"https:\/\/www.evoti.com.br\/news\/wp-json\/wp\/v2\/pages\/395\/revisions\/11079"}],"wp:attachment":[{"href":"https:\/\/www.evoti.com.br\/news\/wp-json\/wp\/v2\/media?parent=395"}],"curies":[{"name":"wp","href":"https:\/\/api.w.org\/{rel}","templated":true}]}}