{"id":15,"date":"2014-03-17T16:10:01","date_gmt":"2014-03-17T16:10:01","guid":{"rendered":"http:\/\/demo.themegrill.com\/spacious\/?page_id=15"},"modified":"2019-05-06T14:59:13","modified_gmt":"2019-05-06T17:59:13","slug":"responsive-design","status":"publish","type":"page","link":"https:\/\/www.evoti.com.br\/news\/responsive-design\/","title":{"rendered":"Desenvolvimento de aplicativos sob medida"},"content":{"rendered":"<h1>Sistema Desktop<\/h1>\n<p>Desenvolvemos projetos de software para desktop personalizados de acordo com a necessidade dos nossos clientes, com um layout simples de usar e intuitivo proporcionando uma excelente experi\u00eancia de usu\u00e1rio.<\/p>\n<h1>Aplicativo Mobile<\/h1>\n<p>Desenvolvemos projetos nativos e h\u00edbridos, entregamos aplicativos de alta performance e com usabilidade inovadora, utilizamos ferramentas como Android Studio, XCode e Visual Studio para criarmos experi\u00eancias incr\u00edveis.<\/p>\n<h1>Sistema Web<\/h1>\n<p>Desenvolvemos projetos de software para web personalizados de acordo com a necessidade dos nossos clientes, plataformas r\u00e1pidas e intuitivas que permitem uma navega\u00e7\u00e3o agrad\u00e1vel e uma excelente experi\u00eancia de usu\u00e1rio.<\/p>\n","protected":false},"excerpt":{"rendered":"<p>Desenvolvemos projetos de software para desktop, web e mobile, personalizados de acordo com a necessidade dos nossos clientes, com um layout simples de usar e intuitivo.<\/p>\n","protected":false},"author":1,"featured_media":72,"parent":0,"menu_order":0,"comment_status":"open","ping_status":"open","template":"","meta":{"_exactmetrics_skip_tracking":false,"_exactmetrics_sitenote_active":false,"_exactmetrics_sitenote_note":"","_exactmetrics_sitenote_category":0,"_joinchat":[],"footnotes":""},"class_list":["post-15","page","type-page","status-publish","has-post-thumbnail","hentry"],"yoast_head":"<!-- This site is optimized with the Yoast SEO plugin v26.9 - https:\/\/yoast.com\/product\/yoast-seo-wordpress\/ -->\n<title>Desenvolvimento de aplicativos sob medida - EVOTI Sistemas<\/title>\n<meta name=\"robots\" content=\"index, follow, max-snippet:-1, max-image-preview:large, max-video-preview:-1\" \/>\n<link rel=\"canonical\" href=\"https:\/\/www.evoti.com.br\/news\/responsive-design\/\" \/>\n<meta property=\"og:locale\" content=\"pt_BR\" \/>\n<meta property=\"og:type\" content=\"article\" \/>\n<meta property=\"og:title\" content=\"Desenvolvimento de aplicativos sob medida - EVOTI Sistemas\" \/>\n<meta property=\"og:description\" content=\"Desenvolvemos projetos de software para desktop, web e mobile, personalizados de acordo com a necessidade dos nossos clientes, com um layout simples de usar e intuitivo.\" \/>\n<meta property=\"og:url\" content=\"https:\/\/www.evoti.com.br\/news\/responsive-design\/\" \/>\n<meta property=\"og:site_name\" content=\"EVOTI Sistemas\" \/>\n<meta property=\"article:publisher\" content=\"https:\/\/www.facebook.com\/evoti\" \/>\n<meta property=\"article:modified_time\" content=\"2019-05-06T17:59:13+00:00\" \/>\n<meta property=\"og:image\" content=\"https:\/\/www.evoti.com.br\/news\/wp-content\/uploads\/2014\/03\/responsive1-2.png\" \/>\n\t<meta property=\"og:image:width\" content=\"150\" \/>\n\t<meta property=\"og:image:height\" content=\"150\" \/>\n\t<meta property=\"og:image:type\" content=\"image\/png\" \/>\n<meta name=\"twitter:card\" content=\"summary_large_image\" \/>\n<meta name=\"twitter:label1\" content=\"Est. tempo de leitura\" \/>\n\t<meta name=\"twitter:data1\" content=\"1 minuto\" \/>\n<script type=\"application\/ld+json\" class=\"yoast-schema-graph\">{\"@context\":\"https:\/\/schema.org\",\"@graph\":[{\"@type\":\"WebPage\",\"@id\":\"https:\/\/www.evoti.com.br\/news\/responsive-design\/\",\"url\":\"https:\/\/www.evoti.com.br\/news\/responsive-design\/\",\"name\":\"Desenvolvimento de aplicativos sob medida - EVOTI Sistemas\",\"isPartOf\":{\"@id\":\"https:\/\/www.evoti.com.br\/news\/#website\"},\"primaryImageOfPage\":{\"@id\":\"https:\/\/www.evoti.com.br\/news\/responsive-design\/#primaryimage\"},\"image\":{\"@id\":\"https:\/\/www.evoti.com.br\/news\/responsive-design\/#primaryimage\"},\"thumbnailUrl\":\"https:\/\/www.evoti.com.br\/news\/wp-content\/uploads\/2014\/03\/responsive1-2.png\",\"datePublished\":\"2014-03-17T16:10:01+00:00\",\"dateModified\":\"2019-05-06T17:59:13+00:00\",\"breadcrumb\":{\"@id\":\"https:\/\/www.evoti.com.br\/news\/responsive-design\/#breadcrumb\"},\"inLanguage\":\"pt-BR\",\"potentialAction\":[{\"@type\":\"ReadAction\",\"target\":[\"https:\/\/www.evoti.com.br\/news\/responsive-design\/\"]}]},{\"@type\":\"ImageObject\",\"inLanguage\":\"pt-BR\",\"@id\":\"https:\/\/www.evoti.com.br\/news\/responsive-design\/#primaryimage\",\"url\":\"https:\/\/www.evoti.com.br\/news\/wp-content\/uploads\/2014\/03\/responsive1-2.png\",\"contentUrl\":\"https:\/\/www.evoti.com.br\/news\/wp-content\/uploads\/2014\/03\/responsive1-2.png\",\"width\":150,\"height\":150},{\"@type\":\"BreadcrumbList\",\"@id\":\"https:\/\/www.evoti.com.br\/news\/responsive-design\/#breadcrumb\",\"itemListElement\":[{\"@type\":\"ListItem\",\"position\":1,\"name\":\"In\u00edcio\",\"item\":\"https:\/\/www.evoti.com.br\/news\/\"},{\"@type\":\"ListItem\",\"position\":2,\"name\":\"Desenvolvimento de aplicativos sob medida\"}]},{\"@type\":\"WebSite\",\"@id\":\"https:\/\/www.evoti.com.br\/news\/#website\",\"url\":\"https:\/\/www.evoti.com.br\/news\/\",\"name\":\"EVOTI Sistemas\",\"description\":\"Sistema para gerenciamento de com\u00e9rcios em geral, empresas de alimenta\u00e7\u00e3o (restaurante, pizzaria, lanchonete) com emiss\u00e3o Fiscal (SAT, NF-e, MDF-e), Financeiro, estoque, vendas e muito mais. Estamos localizados em Ol\u00edmpia e atendemos a todo territ\u00f3rio nacional. Oferecemos servi\u00e7os de Tecnologia da Informa\u00e7\u00e3o com agilidade e comprometimento, agregando valor e inova\u00e7\u00e3o ao neg\u00f3cio de nossos clientes, respeitando a sociedade e o meio ambiente.\",\"publisher\":{\"@id\":\"https:\/\/www.evoti.com.br\/news\/#organization\"},\"potentialAction\":[{\"@type\":\"SearchAction\",\"target\":{\"@type\":\"EntryPoint\",\"urlTemplate\":\"https:\/\/www.evoti.com.br\/news\/?s={search_term_string}\"},\"query-input\":{\"@type\":\"PropertyValueSpecification\",\"valueRequired\":true,\"valueName\":\"search_term_string\"}}],\"inLanguage\":\"pt-BR\"},{\"@type\":\"Organization\",\"@id\":\"https:\/\/www.evoti.com.br\/news\/#organization\",\"name\":\"EVO - Tecnologia da Informa\u00e7\u00e3o\",\"url\":\"https:\/\/www.evoti.com.br\/news\/\",\"logo\":{\"@type\":\"ImageObject\",\"inLanguage\":\"pt-BR\",\"@id\":\"https:\/\/www.evoti.com.br\/news\/#\/schema\/logo\/image\/\",\"url\":\"https:\/\/www.evoti.com.br\/news\/wp-content\/uploads\/2019\/05\/logo_evo_150-1.png\",\"contentUrl\":\"https:\/\/www.evoti.com.br\/news\/wp-content\/uploads\/2019\/05\/logo_evo_150-1.png\",\"width\":150,\"height\":150,\"caption\":\"EVO - Tecnologia da Informa\u00e7\u00e3o\"},\"image\":{\"@id\":\"https:\/\/www.evoti.com.br\/news\/#\/schema\/logo\/image\/\"},\"sameAs\":[\"https:\/\/www.facebook.com\/evoti\",\"http:\/\/instragram.com\/evotiolimpia\"]}]}<\/script>\n<!-- \/ Yoast SEO plugin. -->","yoast_head_json":{"title":"Desenvolvimento de aplicativos sob medida - EVOTI Sistemas","robots":{"index":"index","follow":"follow","max-snippet":"max-snippet:-1","max-image-preview":"max-image-preview:large","max-video-preview":"max-video-preview:-1"},"canonical":"https:\/\/www.evoti.com.br\/news\/responsive-design\/","og_locale":"pt_BR","og_type":"article","og_title":"Desenvolvimento de aplicativos sob medida - EVOTI Sistemas","og_description":"Desenvolvemos projetos de software para desktop, web e mobile, personalizados de acordo com a necessidade dos nossos clientes, com um layout simples de usar e intuitivo.","og_url":"https:\/\/www.evoti.com.br\/news\/responsive-design\/","og_site_name":"EVOTI Sistemas","article_publisher":"https:\/\/www.facebook.com\/evoti","article_modified_time":"2019-05-06T17:59:13+00:00","og_image":[{"width":150,"height":150,"url":"https:\/\/www.evoti.com.br\/news\/wp-content\/uploads\/2014\/03\/responsive1-2.png","type":"image\/png"}],"twitter_card":"summary_large_image","twitter_misc":{"Est. tempo de leitura":"1 minuto"},"schema":{"@context":"https:\/\/schema.org","@graph":[{"@type":"WebPage","@id":"https:\/\/www.evoti.com.br\/news\/responsive-design\/","url":"https:\/\/www.evoti.com.br\/news\/responsive-design\/","name":"Desenvolvimento de aplicativos sob medida - EVOTI Sistemas","isPartOf":{"@id":"https:\/\/www.evoti.com.br\/news\/#website"},"primaryImageOfPage":{"@id":"https:\/\/www.evoti.com.br\/news\/responsive-design\/#primaryimage"},"image":{"@id":"https:\/\/www.evoti.com.br\/news\/responsive-design\/#primaryimage"},"thumbnailUrl":"https:\/\/www.evoti.com.br\/news\/wp-content\/uploads\/2014\/03\/responsive1-2.png","datePublished":"2014-03-17T16:10:01+00:00","dateModified":"2019-05-06T17:59:13+00:00","breadcrumb":{"@id":"https:\/\/www.evoti.com.br\/news\/responsive-design\/#breadcrumb"},"inLanguage":"pt-BR","potentialAction":[{"@type":"ReadAction","target":["https:\/\/www.evoti.com.br\/news\/responsive-design\/"]}]},{"@type":"ImageObject","inLanguage":"pt-BR","@id":"https:\/\/www.evoti.com.br\/news\/responsive-design\/#primaryimage","url":"https:\/\/www.evoti.com.br\/news\/wp-content\/uploads\/2014\/03\/responsive1-2.png","contentUrl":"https:\/\/www.evoti.com.br\/news\/wp-content\/uploads\/2014\/03\/responsive1-2.png","width":150,"height":150},{"@type":"BreadcrumbList","@id":"https:\/\/www.evoti.com.br\/news\/responsive-design\/#breadcrumb","itemListElement":[{"@type":"ListItem","position":1,"name":"In\u00edcio","item":"https:\/\/www.evoti.com.br\/news\/"},{"@type":"ListItem","position":2,"name":"Desenvolvimento de aplicativos sob medida"}]},{"@type":"WebSite","@id":"https:\/\/www.evoti.com.br\/news\/#website","url":"https:\/\/www.evoti.com.br\/news\/","name":"EVOTI Sistemas","description":"Sistema para gerenciamento de com\u00e9rcios em geral, empresas de alimenta\u00e7\u00e3o (restaurante, pizzaria, lanchonete) com emiss\u00e3o Fiscal (SAT, NF-e, MDF-e), Financeiro, estoque, vendas e muito mais. Estamos localizados em Ol\u00edmpia e atendemos a todo territ\u00f3rio nacional. Oferecemos servi\u00e7os de Tecnologia da Informa\u00e7\u00e3o com agilidade e comprometimento, agregando valor e inova\u00e7\u00e3o ao neg\u00f3cio de nossos clientes, respeitando a sociedade e o meio ambiente.","publisher":{"@id":"https:\/\/www.evoti.com.br\/news\/#organization"},"potentialAction":[{"@type":"SearchAction","target":{"@type":"EntryPoint","urlTemplate":"https:\/\/www.evoti.com.br\/news\/?s={search_term_string}"},"query-input":{"@type":"PropertyValueSpecification","valueRequired":true,"valueName":"search_term_string"}}],"inLanguage":"pt-BR"},{"@type":"Organization","@id":"https:\/\/www.evoti.com.br\/news\/#organization","name":"EVO - Tecnologia da Informa\u00e7\u00e3o","url":"https:\/\/www.evoti.com.br\/news\/","logo":{"@type":"ImageObject","inLanguage":"pt-BR","@id":"https:\/\/www.evoti.com.br\/news\/#\/schema\/logo\/image\/","url":"https:\/\/www.evoti.com.br\/news\/wp-content\/uploads\/2019\/05\/logo_evo_150-1.png","contentUrl":"https:\/\/www.evoti.com.br\/news\/wp-content\/uploads\/2019\/05\/logo_evo_150-1.png","width":150,"height":150,"caption":"EVO - Tecnologia da Informa\u00e7\u00e3o"},"image":{"@id":"https:\/\/www.evoti.com.br\/news\/#\/schema\/logo\/image\/"},"sameAs":["https:\/\/www.facebook.com\/evoti","http:\/\/instragram.com\/evotiolimpia"]}]}},"_links":{"self":[{"href":"https:\/\/www.evoti.com.br\/news\/wp-json\/wp\/v2\/pages\/15","targetHints":{"allow":["GET"]}}],"collection":[{"href":"https:\/\/www.evoti.com.br\/news\/wp-json\/wp\/v2\/pages"}],"about":[{"href":"https:\/\/www.evoti.com.br\/news\/wp-json\/wp\/v2\/types\/page"}],"author":[{"embeddable":true,"href":"https:\/\/www.evoti.com.br\/news\/wp-json\/wp\/v2\/users\/1"}],"replies":[{"embeddable":true,"href":"https:\/\/www.evoti.com.br\/news\/wp-json\/wp\/v2\/comments?post=15"}],"version-history":[{"count":1,"href":"https:\/\/www.evoti.com.br\/news\/wp-json\/wp\/v2\/pages\/15\/revisions"}],"predecessor-version":[{"id":423,"href":"https:\/\/www.evoti.com.br\/news\/wp-json\/wp\/v2\/pages\/15\/revisions\/423"}],"wp:featuredmedia":[{"embeddable":true,"href":"https:\/\/www.evoti.com.br\/news\/wp-json\/wp\/v2\/media\/72"}],"wp:attachment":[{"href":"https:\/\/www.evoti.com.br\/news\/wp-json\/wp\/v2\/media?parent=15"}],"curies":[{"name":"wp","href":"https:\/\/api.w.org\/{rel}","templated":true}]}}