{"id":11053,"date":"2025-01-06T14:04:05","date_gmt":"2025-01-06T17:04:05","guid":{"rendered":"https:\/\/www.evoti.com.br\/news\/?page_id=11053"},"modified":"2026-01-04T17:19:54","modified_gmt":"2026-01-04T20:19:54","slug":"termos-e-condicoes","status":"publish","type":"page","link":"https:\/\/www.evoti.com.br\/news\/termos-e-condicoes\/","title":{"rendered":"Termos e Condi\u00e7\u00f5es"},"content":{"rendered":"\n<p>Bem-vindo \u00e0 se\u00e7\u00e3o de Termos e Condi\u00e7\u00f5es da EVOTI Sistemas. Aqui voc\u00ea encontrar\u00e1 informa\u00e7\u00f5es importantes sobre as regras, regulamentos e condi\u00e7\u00f5es que regem o uso de nossos servi\u00e7os e a contrata\u00e7\u00e3o de nossos planos.<\/p>\n\n\n\n<p>Para sua conveni\u00eancia, organizamos os termos em categorias espec\u00edficas. Clique nos links abaixo para acessar os documentos completos e entender melhor nossos servi\u00e7os e suas condi\u00e7\u00f5es:<\/p>\n\n\n\n<ul class=\"wp-block-list\"><\/ul>\n\n\n\n<p><a href=\"https:\/\/www.evoti.com.br\/news\/regulamento-geral-dos-planos-e-condicoes-de-pagamento\/\">Regulamento Geral dos Planos e Condi\u00e7\u00f5es de Pagamento<\/a><\/p>\n\n\n\n<p><a href=\"https:\/\/www.evoti.com.br\/news\/regulamento-promocao-indique-e-ganhe-evoti\/\">Regulamento \u2013 Promo\u00e7\u00e3o \u201cIndique e Ganhe EVOTI<\/a><\/p>\n\n\n\n<p>Caso tenha d\u00favidas ou precise de mais informa\u00e7\u00f5es, entre em contato com nossa equipe de atendimento.<\/p>\n\n\n\n<p><\/p>\n","protected":false},"excerpt":{"rendered":"<p>Bem-vindo \u00e0 se\u00e7\u00e3o de Termos e Condi\u00e7\u00f5es da EVOTI Sistemas. Aqui voc\u00ea encontrar\u00e1 informa\u00e7\u00f5es importantes sobre as regras, regulamentos e condi\u00e7\u00f5es que regem o uso de nossos servi\u00e7os e a contrata\u00e7\u00e3o de nossos planos. Para sua conveni\u00eancia, organizamos os termos<\/p>\n","protected":false},"author":1,"featured_media":0,"parent":0,"menu_order":0,"comment_status":"closed","ping_status":"closed","template":"","meta":{"_exactmetrics_skip_tracking":false,"_exactmetrics_sitenote_active":false,"_exactmetrics_sitenote_note":"","_exactmetrics_sitenote_category":0,"_joinchat":[],"footnotes":""},"class_list":["post-11053","page","type-page","status-publish","hentry"],"yoast_head":"<!-- This site is optimized with the Yoast SEO plugin v26.9 - https:\/\/yoast.com\/product\/yoast-seo-wordpress\/ -->\n<title>Termos e Condi\u00e7\u00f5es - EVOTI Sistemas<\/title>\n<meta name=\"robots\" content=\"index, follow, max-snippet:-1, max-image-preview:large, max-video-preview:-1\" \/>\n<link rel=\"canonical\" href=\"https:\/\/www.evoti.com.br\/news\/termos-e-condicoes\/\" \/>\n<meta property=\"og:locale\" content=\"pt_BR\" \/>\n<meta property=\"og:type\" content=\"article\" \/>\n<meta property=\"og:title\" content=\"Termos e Condi\u00e7\u00f5es - EVOTI Sistemas\" \/>\n<meta property=\"og:description\" content=\"Bem-vindo \u00e0 se\u00e7\u00e3o de Termos e Condi\u00e7\u00f5es da EVOTI Sistemas. Aqui voc\u00ea encontrar\u00e1 informa\u00e7\u00f5es importantes sobre as regras, regulamentos e condi\u00e7\u00f5es que regem o uso de nossos servi\u00e7os e a contrata\u00e7\u00e3o de nossos planos. Para sua conveni\u00eancia, organizamos os termos\" \/>\n<meta property=\"og:url\" content=\"https:\/\/www.evoti.com.br\/news\/termos-e-condicoes\/\" \/>\n<meta property=\"og:site_name\" content=\"EVOTI Sistemas\" \/>\n<meta property=\"article:publisher\" content=\"https:\/\/www.facebook.com\/evoti\" \/>\n<meta property=\"article:modified_time\" content=\"2026-01-04T20:19:54+00:00\" \/>\n<meta name=\"twitter:card\" content=\"summary_large_image\" \/>\n<meta name=\"twitter:label1\" content=\"Est. tempo de leitura\" \/>\n\t<meta name=\"twitter:data1\" content=\"1 minuto\" \/>\n<script type=\"application\/ld+json\" class=\"yoast-schema-graph\">{\"@context\":\"https:\/\/schema.org\",\"@graph\":[{\"@type\":\"WebPage\",\"@id\":\"https:\/\/www.evoti.com.br\/news\/termos-e-condicoes\/\",\"url\":\"https:\/\/www.evoti.com.br\/news\/termos-e-condicoes\/\",\"name\":\"Termos e Condi\u00e7\u00f5es - EVOTI Sistemas\",\"isPartOf\":{\"@id\":\"https:\/\/www.evoti.com.br\/news\/#website\"},\"datePublished\":\"2025-01-06T17:04:05+00:00\",\"dateModified\":\"2026-01-04T20:19:54+00:00\",\"breadcrumb\":{\"@id\":\"https:\/\/www.evoti.com.br\/news\/termos-e-condicoes\/#breadcrumb\"},\"inLanguage\":\"pt-BR\",\"potentialAction\":[{\"@type\":\"ReadAction\",\"target\":[\"https:\/\/www.evoti.com.br\/news\/termos-e-condicoes\/\"]}]},{\"@type\":\"BreadcrumbList\",\"@id\":\"https:\/\/www.evoti.com.br\/news\/termos-e-condicoes\/#breadcrumb\",\"itemListElement\":[{\"@type\":\"ListItem\",\"position\":1,\"name\":\"In\u00edcio\",\"item\":\"https:\/\/www.evoti.com.br\/news\/\"},{\"@type\":\"ListItem\",\"position\":2,\"name\":\"Termos e Condi\u00e7\u00f5es\"}]},{\"@type\":\"WebSite\",\"@id\":\"https:\/\/www.evoti.com.br\/news\/#website\",\"url\":\"https:\/\/www.evoti.com.br\/news\/\",\"name\":\"EVOTI Sistemas\",\"description\":\"Sistema para gerenciamento de com\u00e9rcios em geral, empresas de alimenta\u00e7\u00e3o (restaurante, pizzaria, lanchonete) com emiss\u00e3o Fiscal (SAT, NF-e, MDF-e), Financeiro, estoque, vendas e muito mais. Estamos localizados em Ol\u00edmpia e atendemos a todo territ\u00f3rio nacional. Oferecemos servi\u00e7os de Tecnologia da Informa\u00e7\u00e3o com agilidade e comprometimento, agregando valor e inova\u00e7\u00e3o ao neg\u00f3cio de nossos clientes, respeitando a sociedade e o meio ambiente.\",\"publisher\":{\"@id\":\"https:\/\/www.evoti.com.br\/news\/#organization\"},\"potentialAction\":[{\"@type\":\"SearchAction\",\"target\":{\"@type\":\"EntryPoint\",\"urlTemplate\":\"https:\/\/www.evoti.com.br\/news\/?s={search_term_string}\"},\"query-input\":{\"@type\":\"PropertyValueSpecification\",\"valueRequired\":true,\"valueName\":\"search_term_string\"}}],\"inLanguage\":\"pt-BR\"},{\"@type\":\"Organization\",\"@id\":\"https:\/\/www.evoti.com.br\/news\/#organization\",\"name\":\"EVO - Tecnologia da Informa\u00e7\u00e3o\",\"url\":\"https:\/\/www.evoti.com.br\/news\/\",\"logo\":{\"@type\":\"ImageObject\",\"inLanguage\":\"pt-BR\",\"@id\":\"https:\/\/www.evoti.com.br\/news\/#\/schema\/logo\/image\/\",\"url\":\"https:\/\/www.evoti.com.br\/news\/wp-content\/uploads\/2019\/05\/logo_evo_150-1.png\",\"contentUrl\":\"https:\/\/www.evoti.com.br\/news\/wp-content\/uploads\/2019\/05\/logo_evo_150-1.png\",\"width\":150,\"height\":150,\"caption\":\"EVO - Tecnologia da Informa\u00e7\u00e3o\"},\"image\":{\"@id\":\"https:\/\/www.evoti.com.br\/news\/#\/schema\/logo\/image\/\"},\"sameAs\":[\"https:\/\/www.facebook.com\/evoti\",\"http:\/\/instragram.com\/evotiolimpia\"]}]}<\/script>\n<!-- \/ Yoast SEO plugin. -->","yoast_head_json":{"title":"Termos e Condi\u00e7\u00f5es - EVOTI Sistemas","robots":{"index":"index","follow":"follow","max-snippet":"max-snippet:-1","max-image-preview":"max-image-preview:large","max-video-preview":"max-video-preview:-1"},"canonical":"https:\/\/www.evoti.com.br\/news\/termos-e-condicoes\/","og_locale":"pt_BR","og_type":"article","og_title":"Termos e Condi\u00e7\u00f5es - EVOTI Sistemas","og_description":"Bem-vindo \u00e0 se\u00e7\u00e3o de Termos e Condi\u00e7\u00f5es da EVOTI Sistemas. Aqui voc\u00ea encontrar\u00e1 informa\u00e7\u00f5es importantes sobre as regras, regulamentos e condi\u00e7\u00f5es que regem o uso de nossos servi\u00e7os e a contrata\u00e7\u00e3o de nossos planos. Para sua conveni\u00eancia, organizamos os termos","og_url":"https:\/\/www.evoti.com.br\/news\/termos-e-condicoes\/","og_site_name":"EVOTI Sistemas","article_publisher":"https:\/\/www.facebook.com\/evoti","article_modified_time":"2026-01-04T20:19:54+00:00","twitter_card":"summary_large_image","twitter_misc":{"Est. tempo de leitura":"1 minuto"},"schema":{"@context":"https:\/\/schema.org","@graph":[{"@type":"WebPage","@id":"https:\/\/www.evoti.com.br\/news\/termos-e-condicoes\/","url":"https:\/\/www.evoti.com.br\/news\/termos-e-condicoes\/","name":"Termos e Condi\u00e7\u00f5es - EVOTI Sistemas","isPartOf":{"@id":"https:\/\/www.evoti.com.br\/news\/#website"},"datePublished":"2025-01-06T17:04:05+00:00","dateModified":"2026-01-04T20:19:54+00:00","breadcrumb":{"@id":"https:\/\/www.evoti.com.br\/news\/termos-e-condicoes\/#breadcrumb"},"inLanguage":"pt-BR","potentialAction":[{"@type":"ReadAction","target":["https:\/\/www.evoti.com.br\/news\/termos-e-condicoes\/"]}]},{"@type":"BreadcrumbList","@id":"https:\/\/www.evoti.com.br\/news\/termos-e-condicoes\/#breadcrumb","itemListElement":[{"@type":"ListItem","position":1,"name":"In\u00edcio","item":"https:\/\/www.evoti.com.br\/news\/"},{"@type":"ListItem","position":2,"name":"Termos e Condi\u00e7\u00f5es"}]},{"@type":"WebSite","@id":"https:\/\/www.evoti.com.br\/news\/#website","url":"https:\/\/www.evoti.com.br\/news\/","name":"EVOTI Sistemas","description":"Sistema para gerenciamento de com\u00e9rcios em geral, empresas de alimenta\u00e7\u00e3o (restaurante, pizzaria, lanchonete) com emiss\u00e3o Fiscal (SAT, NF-e, MDF-e), Financeiro, estoque, vendas e muito mais. Estamos localizados em Ol\u00edmpia e atendemos a todo territ\u00f3rio nacional. Oferecemos servi\u00e7os de Tecnologia da Informa\u00e7\u00e3o com agilidade e comprometimento, agregando valor e inova\u00e7\u00e3o ao neg\u00f3cio de nossos clientes, respeitando a sociedade e o meio ambiente.","publisher":{"@id":"https:\/\/www.evoti.com.br\/news\/#organization"},"potentialAction":[{"@type":"SearchAction","target":{"@type":"EntryPoint","urlTemplate":"https:\/\/www.evoti.com.br\/news\/?s={search_term_string}"},"query-input":{"@type":"PropertyValueSpecification","valueRequired":true,"valueName":"search_term_string"}}],"inLanguage":"pt-BR"},{"@type":"Organization","@id":"https:\/\/www.evoti.com.br\/news\/#organization","name":"EVO - Tecnologia da Informa\u00e7\u00e3o","url":"https:\/\/www.evoti.com.br\/news\/","logo":{"@type":"ImageObject","inLanguage":"pt-BR","@id":"https:\/\/www.evoti.com.br\/news\/#\/schema\/logo\/image\/","url":"https:\/\/www.evoti.com.br\/news\/wp-content\/uploads\/2019\/05\/logo_evo_150-1.png","contentUrl":"https:\/\/www.evoti.com.br\/news\/wp-content\/uploads\/2019\/05\/logo_evo_150-1.png","width":150,"height":150,"caption":"EVO - Tecnologia da Informa\u00e7\u00e3o"},"image":{"@id":"https:\/\/www.evoti.com.br\/news\/#\/schema\/logo\/image\/"},"sameAs":["https:\/\/www.facebook.com\/evoti","http:\/\/instragram.com\/evotiolimpia"]}]}},"_links":{"self":[{"href":"https:\/\/www.evoti.com.br\/news\/wp-json\/wp\/v2\/pages\/11053","targetHints":{"allow":["GET"]}}],"collection":[{"href":"https:\/\/www.evoti.com.br\/news\/wp-json\/wp\/v2\/pages"}],"about":[{"href":"https:\/\/www.evoti.com.br\/news\/wp-json\/wp\/v2\/types\/page"}],"author":[{"embeddable":true,"href":"https:\/\/www.evoti.com.br\/news\/wp-json\/wp\/v2\/users\/1"}],"replies":[{"embeddable":true,"href":"https:\/\/www.evoti.com.br\/news\/wp-json\/wp\/v2\/comments?post=11053"}],"version-history":[{"count":3,"href":"https:\/\/www.evoti.com.br\/news\/wp-json\/wp\/v2\/pages\/11053\/revisions"}],"predecessor-version":[{"id":11110,"href":"https:\/\/www.evoti.com.br\/news\/wp-json\/wp\/v2\/pages\/11053\/revisions\/11110"}],"wp:attachment":[{"href":"https:\/\/www.evoti.com.br\/news\/wp-json\/wp\/v2\/media?parent=11053"}],"curies":[{"name":"wp","href":"https:\/\/api.w.org\/{rel}","templated":true}]}}